{"id":70321,"date":"2025-11-27T14:38:01","date_gmt":"2025-11-27T13:38:01","guid":{"rendered":"https:\/\/gravelight.eu\/?post_type=product&#038;p=70321"},"modified":"2026-03-11T14:09:35","modified_gmt":"2026-03-11T13:09:35","slug":"mirisna-svijeca-dez-gingerbread-kolacici","status":"publish","type":"product","link":"https:\/\/gravelight.eu\/en\/trgovina\/mirisna-svijeca-dez-gingerbread-kolacici\/","title":{"rendered":"MIRISNA SVIJE\u0106A DEZ GINGERBREAD KOLA\u010cI\u0106I"},"content":{"rendered":"","protected":false},"excerpt":{"rendered":"","protected":false},"featured_media":70324,"comment_status":"closed","ping_status":"closed","template":"","meta":{"_acf_changed":false},"product_brand":[],"product_cat":[5140],"product_tag":[51032,43161,43232,43233,43234,43330,43731,43732,43733,51031],"class_list":{"0":"post-70321","1":"product","2":"type-product","3":"status-publish","4":"has-post-thumbnail","6":"product_cat-uncategorized","7":"product_tag-5906927028255-en","8":"product_tag-miris-en","9":"product_tag-staklene-en","10":"product_tag-dezen-en","11":"product_tag-color-en","12":"product_tag-svijece-en","13":"product_tag-dez-en","14":"product_tag-tbl7-1-en","15":"product_tag-folija-en","16":"product_tag-11797-en","18":"first","19":"instock","20":"taxable","21":"shipping-taxable","22":"purchasable","23":"product-type-simple"},"acf":[],"yoast_head":"<!-- This site is optimized with the Yoast SEO plugin v27.1.1 - https:\/\/yoast.com\/product\/yoast-seo-wordpress\/ -->\n<title>MIRISNA SVIJE\u0106A DEZ GINGERBREAD KOLA\u010cI\u0106I - NET d.o.o.<\/title>\n<meta name=\"robots\" content=\"index, follow, max-snippet:-1, max-image-preview:large, max-video-preview:-1\" \/>\n<link rel=\"canonical\" href=\"https:\/\/gravelight.eu\/en\/trgovina\/mirisna-svijeca-dez-gingerbread-kolacici\/\" \/>\n<meta property=\"og:locale\" content=\"en_US\" \/>\n<meta property=\"og:type\" content=\"article\" \/>\n<meta property=\"og:title\" content=\"MIRISNA SVIJE\u0106A DEZ GINGERBREAD KOLA\u010cI\u0106I - NET d.o.o.\" \/>\n<meta property=\"og:url\" content=\"https:\/\/gravelight.eu\/en\/trgovina\/mirisna-svijeca-dez-gingerbread-kolacici\/\" \/>\n<meta property=\"og:site_name\" content=\"NET d.o.o.\" \/>\n<meta property=\"article:modified_time\" content=\"2026-03-11T13:09:35+00:00\" \/>\n<meta property=\"og:image\" content=\"https:\/\/gravelight.eu\/wp-content\/uploads\/11797.002.027.jpg\" \/>\n\t<meta property=\"og:image:width\" content=\"1928\" \/>\n\t<meta property=\"og:image:height\" content=\"2338\" \/>\n\t<meta property=\"og:image:type\" content=\"image\/jpeg\" \/>\n<meta name=\"twitter:card\" content=\"summary_large_image\" \/>\n<script type=\"application\/ld+json\" class=\"yoast-schema-graph\">{\"@context\":\"https:\/\/schema.org\",\"@graph\":[{\"@type\":\"WebPage\",\"@id\":\"https:\/\/gravelight.eu\/en\/trgovina\/mirisna-svijeca-dez-gingerbread-kolacici\/\",\"url\":\"https:\/\/gravelight.eu\/en\/trgovina\/mirisna-svijeca-dez-gingerbread-kolacici\/\",\"name\":\"MIRISNA SVIJE\u0106A DEZ GINGERBREAD KOLA\u010cI\u0106I - NET d.o.o.\",\"isPartOf\":{\"@id\":\"https:\/\/gravelight.eu\/#website\"},\"primaryImageOfPage\":{\"@id\":\"https:\/\/gravelight.eu\/en\/trgovina\/mirisna-svijeca-dez-gingerbread-kolacici\/#primaryimage\"},\"image\":{\"@id\":\"https:\/\/gravelight.eu\/en\/trgovina\/mirisna-svijeca-dez-gingerbread-kolacici\/#primaryimage\"},\"thumbnailUrl\":\"https:\/\/gravelight.eu\/wp-content\/uploads\/11797.002.027.jpg\",\"datePublished\":\"2025-11-27T13:38:01+00:00\",\"dateModified\":\"2026-03-11T13:09:35+00:00\",\"breadcrumb\":{\"@id\":\"https:\/\/gravelight.eu\/en\/trgovina\/mirisna-svijeca-dez-gingerbread-kolacici\/#breadcrumb\"},\"inLanguage\":\"en-US\",\"potentialAction\":[{\"@type\":\"ReadAction\",\"target\":[\"https:\/\/gravelight.eu\/en\/trgovina\/mirisna-svijeca-dez-gingerbread-kolacici\/\"]}]},{\"@type\":\"ImageObject\",\"inLanguage\":\"en-US\",\"@id\":\"https:\/\/gravelight.eu\/en\/trgovina\/mirisna-svijeca-dez-gingerbread-kolacici\/#primaryimage\",\"url\":\"https:\/\/gravelight.eu\/wp-content\/uploads\/11797.002.027.jpg\",\"contentUrl\":\"https:\/\/gravelight.eu\/wp-content\/uploads\/11797.002.027.jpg\",\"width\":1928,\"height\":2338,\"caption\":\"Mirisna svije\u0107a Bo\u017ei\u0107\"},{\"@type\":\"BreadcrumbList\",\"@id\":\"https:\/\/gravelight.eu\/en\/trgovina\/mirisna-svijeca-dez-gingerbread-kolacici\/#breadcrumb\",\"itemListElement\":[{\"@type\":\"ListItem\",\"position\":1,\"name\":\"Home\",\"item\":\"https:\/\/gravelight.eu\/en\/\"},{\"@type\":\"ListItem\",\"position\":2,\"name\":\"Trgovina\",\"item\":\"https:\/\/gravelight.eu\/en\/trgovina-webshop\/\"},{\"@type\":\"ListItem\",\"position\":3,\"name\":\"MIRISNA SVIJE\u0106A DEZ GINGERBREAD KOLA\u010cI\u0106I\"}]},{\"@type\":\"WebSite\",\"@id\":\"https:\/\/gravelight.eu\/#website\",\"url\":\"https:\/\/gravelight.eu\/\",\"name\":\"NET d.o.o.\",\"description\":\"The light and warmth of your home!\",\"publisher\":{\"@id\":\"https:\/\/gravelight.eu\/#organization\"},\"potentialAction\":[{\"@type\":\"SearchAction\",\"target\":{\"@type\":\"EntryPoint\",\"urlTemplate\":\"https:\/\/gravelight.eu\/?s={search_term_string}\"},\"query-input\":{\"@type\":\"PropertyValueSpecification\",\"valueRequired\":true,\"valueName\":\"search_term_string\"}}],\"inLanguage\":\"en-US\"},{\"@type\":\"Organization\",\"@id\":\"https:\/\/gravelight.eu\/#organization\",\"name\":\"NET d.o.o.\",\"url\":\"https:\/\/gravelight.eu\/\",\"logo\":{\"@type\":\"ImageObject\",\"inLanguage\":\"en-US\",\"@id\":\"https:\/\/gravelight.eu\/#\/schema\/logo\/image\/\",\"url\":\"https:\/\/gravelight.eu\/wp-content\/uploads\/cropped-net-ico.png\",\"contentUrl\":\"https:\/\/gravelight.eu\/wp-content\/uploads\/cropped-net-ico.png\",\"width\":512,\"height\":512,\"caption\":\"NET d.o.o.\"},\"image\":{\"@id\":\"https:\/\/gravelight.eu\/#\/schema\/logo\/image\/\"}}]}<\/script>\n<!-- \/ Yoast SEO plugin. -->","yoast_head_json":{"title":"MIRISNA SVIJE\u0106A DEZ GINGERBREAD KOLA\u010cI\u0106I - NET d.o.o.","robots":{"index":"index","follow":"follow","max-snippet":"max-snippet:-1","max-image-preview":"max-image-preview:large","max-video-preview":"max-video-preview:-1"},"canonical":"https:\/\/gravelight.eu\/en\/trgovina\/mirisna-svijeca-dez-gingerbread-kolacici\/","og_locale":"en_US","og_type":"article","og_title":"MIRISNA SVIJE\u0106A DEZ GINGERBREAD KOLA\u010cI\u0106I - NET d.o.o.","og_url":"https:\/\/gravelight.eu\/en\/trgovina\/mirisna-svijeca-dez-gingerbread-kolacici\/","og_site_name":"NET d.o.o.","article_modified_time":"2026-03-11T13:09:35+00:00","og_image":[{"width":1928,"height":2338,"url":"https:\/\/gravelight.eu\/wp-content\/uploads\/11797.002.027.jpg","type":"image\/jpeg"}],"twitter_card":"summary_large_image","schema":{"@context":"https:\/\/schema.org","@graph":[{"@type":"WebPage","@id":"https:\/\/gravelight.eu\/en\/trgovina\/mirisna-svijeca-dez-gingerbread-kolacici\/","url":"https:\/\/gravelight.eu\/en\/trgovina\/mirisna-svijeca-dez-gingerbread-kolacici\/","name":"MIRISNA SVIJE\u0106A DEZ GINGERBREAD KOLA\u010cI\u0106I - NET d.o.o.","isPartOf":{"@id":"https:\/\/gravelight.eu\/#website"},"primaryImageOfPage":{"@id":"https:\/\/gravelight.eu\/en\/trgovina\/mirisna-svijeca-dez-gingerbread-kolacici\/#primaryimage"},"image":{"@id":"https:\/\/gravelight.eu\/en\/trgovina\/mirisna-svijeca-dez-gingerbread-kolacici\/#primaryimage"},"thumbnailUrl":"https:\/\/gravelight.eu\/wp-content\/uploads\/11797.002.027.jpg","datePublished":"2025-11-27T13:38:01+00:00","dateModified":"2026-03-11T13:09:35+00:00","breadcrumb":{"@id":"https:\/\/gravelight.eu\/en\/trgovina\/mirisna-svijeca-dez-gingerbread-kolacici\/#breadcrumb"},"inLanguage":"en-US","potentialAction":[{"@type":"ReadAction","target":["https:\/\/gravelight.eu\/en\/trgovina\/mirisna-svijeca-dez-gingerbread-kolacici\/"]}]},{"@type":"ImageObject","inLanguage":"en-US","@id":"https:\/\/gravelight.eu\/en\/trgovina\/mirisna-svijeca-dez-gingerbread-kolacici\/#primaryimage","url":"https:\/\/gravelight.eu\/wp-content\/uploads\/11797.002.027.jpg","contentUrl":"https:\/\/gravelight.eu\/wp-content\/uploads\/11797.002.027.jpg","width":1928,"height":2338,"caption":"Mirisna svije\u0107a Bo\u017ei\u0107"},{"@type":"BreadcrumbList","@id":"https:\/\/gravelight.eu\/en\/trgovina\/mirisna-svijeca-dez-gingerbread-kolacici\/#breadcrumb","itemListElement":[{"@type":"ListItem","position":1,"name":"Home","item":"https:\/\/gravelight.eu\/en\/"},{"@type":"ListItem","position":2,"name":"Trgovina","item":"https:\/\/gravelight.eu\/en\/trgovina-webshop\/"},{"@type":"ListItem","position":3,"name":"MIRISNA SVIJE\u0106A DEZ GINGERBREAD KOLA\u010cI\u0106I"}]},{"@type":"WebSite","@id":"https:\/\/gravelight.eu\/#website","url":"https:\/\/gravelight.eu\/","name":"NET d.o.o.","description":"The light and warmth of your home!","publisher":{"@id":"https:\/\/gravelight.eu\/#organization"},"potentialAction":[{"@type":"SearchAction","target":{"@type":"EntryPoint","urlTemplate":"https:\/\/gravelight.eu\/?s={search_term_string}"},"query-input":{"@type":"PropertyValueSpecification","valueRequired":true,"valueName":"search_term_string"}}],"inLanguage":"en-US"},{"@type":"Organization","@id":"https:\/\/gravelight.eu\/#organization","name":"NET d.o.o.","url":"https:\/\/gravelight.eu\/","logo":{"@type":"ImageObject","inLanguage":"en-US","@id":"https:\/\/gravelight.eu\/#\/schema\/logo\/image\/","url":"https:\/\/gravelight.eu\/wp-content\/uploads\/cropped-net-ico.png","contentUrl":"https:\/\/gravelight.eu\/wp-content\/uploads\/cropped-net-ico.png","width":512,"height":512,"caption":"NET d.o.o."},"image":{"@id":"https:\/\/gravelight.eu\/#\/schema\/logo\/image\/"}}]}},"_links":{"self":[{"href":"https:\/\/gravelight.eu\/en\/wp-json\/wp\/v2\/product\/70321","targetHints":{"allow":["GET"]}}],"collection":[{"href":"https:\/\/gravelight.eu\/en\/wp-json\/wp\/v2\/product"}],"about":[{"href":"https:\/\/gravelight.eu\/en\/wp-json\/wp\/v2\/types\/product"}],"replies":[{"embeddable":true,"href":"https:\/\/gravelight.eu\/en\/wp-json\/wp\/v2\/comments?post=70321"}],"wp:featuredmedia":[{"embeddable":true,"href":"https:\/\/gravelight.eu\/en\/wp-json\/wp\/v2\/media\/70324"}],"wp:attachment":[{"href":"https:\/\/gravelight.eu\/en\/wp-json\/wp\/v2\/media?parent=70321"}],"wp:term":[{"taxonomy":"product_brand","embeddable":true,"href":"https:\/\/gravelight.eu\/en\/wp-json\/wp\/v2\/product_brand?post=70321"},{"taxonomy":"product_cat","embeddable":true,"href":"https:\/\/gravelight.eu\/en\/wp-json\/wp\/v2\/product_cat?post=70321"},{"taxonomy":"product_tag","embeddable":true,"href":"https:\/\/gravelight.eu\/en\/wp-json\/wp\/v2\/product_tag?post=70321"}],"curies":[{"name":"wp","href":"https:\/\/api.w.org\/{rel}","templated":true}]}}