{"id":65253,"date":"2024-03-05T14:00:20","date_gmt":"2024-03-05T13:00:20","guid":{"rendered":"https:\/\/gravelight.eu\/?post_type=product&#038;p=65253"},"modified":"2026-03-11T14:14:02","modified_gmt":"2026-03-11T13:14:02","slug":"plutajuce-svijece-maxi-8046-set-4-1","status":"publish","type":"product","link":"https:\/\/gravelight.eu\/en\/trgovina\/plutajuce-svijece-maxi-8046-set-4-1\/","title":{"rendered":"PLUTAJU\u0106E SVIJE\u0106E MAXI 8046 SET 4\/1"},"content":{"rendered":"","protected":false},"excerpt":{"rendered":"","protected":false},"featured_media":65582,"comment_status":"closed","ping_status":"closed","template":"","meta":{"_acf_changed":false},"product_brand":[],"product_cat":[1561,12283],"product_tag":[47552,54999,55000,43330,43445,43476,47547,47550,47551],"class_list":{"0":"post-65253","1":"product","2":"type-product","3":"status-publish","4":"has-post-thumbnail","6":"product_cat-floating-candles-en","7":"product_cat-svijece-za-dom-en","8":"product_tag-bijele-en","9":"product_tag-12380-en","10":"product_tag-3858883236592-en","11":"product_tag-svijece-en","12":"product_tag-plutajuce-en","13":"product_tag-lucice-en","14":"product_tag-maxi-en","15":"product_tag-dom-en","16":"product_tag-konzumne-en","18":"first","19":"instock","20":"taxable","21":"shipping-taxable","22":"purchasable","23":"product-type-simple"},"acf":[],"yoast_head":"<!-- This site is optimized with the Yoast SEO plugin v27.1.1 - https:\/\/yoast.com\/product\/yoast-seo-wordpress\/ -->\n<title>PLUTAJU\u0106E SVIJE\u0106E MAXI 8046 SET 4\/1 - NET d.o.o.<\/title>\n<meta name=\"description\" content=\"Plutaju\u0107e svije\u0107e Maxi 8046 set od 4 komada u dvije boje, krem i bijela, kao dekoracija za va\u0161 dom, restorane i evente. Svije\u0107e lijepo gore.\" \/>\n<meta name=\"robots\" content=\"index, follow, max-snippet:-1, max-image-preview:large, max-video-preview:-1\" \/>\n<link rel=\"canonical\" href=\"https:\/\/gravelight.eu\/en\/trgovina\/plutajuce-svijece-maxi-8046-set-4-1\/\" \/>\n<meta property=\"og:locale\" content=\"en_US\" \/>\n<meta property=\"og:type\" content=\"article\" \/>\n<meta property=\"og:title\" content=\"PLUTAJU\u0106E SVIJE\u0106E MAXI 8046 SET 4\/1 - NET d.o.o.\" \/>\n<meta property=\"og:description\" content=\"Plutaju\u0107e svije\u0107e Maxi 8046 set od 4 komada u dvije boje, krem i bijela, kao dekoracija za va\u0161 dom, restorane i evente. Svije\u0107e lijepo gore.\" \/>\n<meta property=\"og:url\" content=\"https:\/\/gravelight.eu\/en\/trgovina\/plutajuce-svijece-maxi-8046-set-4-1\/\" \/>\n<meta property=\"og:site_name\" content=\"NET d.o.o.\" \/>\n<meta property=\"article:modified_time\" content=\"2026-03-11T13:14:02+00:00\" \/>\n<meta property=\"og:image\" content=\"https:\/\/gravelight.eu\/wp-content\/uploads\/12380.A01-1.jpg\" \/>\n\t<meta property=\"og:image:width\" content=\"591\" \/>\n\t<meta property=\"og:image:height\" content=\"422\" \/>\n\t<meta property=\"og:image:type\" content=\"image\/jpeg\" \/>\n<meta name=\"twitter:card\" content=\"summary_large_image\" \/>\n<script type=\"application\/ld+json\" class=\"yoast-schema-graph\">{\"@context\":\"https:\/\/schema.org\",\"@graph\":[{\"@type\":\"WebPage\",\"@id\":\"https:\/\/gravelight.eu\/en\/trgovina\/plutajuce-svijece-maxi-8046-set-4-1\/\",\"url\":\"https:\/\/gravelight.eu\/en\/trgovina\/plutajuce-svijece-maxi-8046-set-4-1\/\",\"name\":\"PLUTAJU\u0106E SVIJE\u0106E MAXI 8046 SET 4\/1 - NET d.o.o.\",\"isPartOf\":{\"@id\":\"https:\/\/gravelight.eu\/#website\"},\"primaryImageOfPage\":{\"@id\":\"https:\/\/gravelight.eu\/en\/trgovina\/plutajuce-svijece-maxi-8046-set-4-1\/#primaryimage\"},\"image\":{\"@id\":\"https:\/\/gravelight.eu\/en\/trgovina\/plutajuce-svijece-maxi-8046-set-4-1\/#primaryimage\"},\"thumbnailUrl\":\"https:\/\/gravelight.eu\/wp-content\/uploads\/12380.A01-1.jpg\",\"datePublished\":\"2024-03-05T13:00:20+00:00\",\"dateModified\":\"2026-03-11T13:14:02+00:00\",\"description\":\"Plutaju\u0107e svije\u0107e Maxi 8046 set od 4 komada u dvije boje, krem i bijela, kao dekoracija za va\u0161 dom, restorane i evente. Svije\u0107e lijepo gore.\",\"breadcrumb\":{\"@id\":\"https:\/\/gravelight.eu\/en\/trgovina\/plutajuce-svijece-maxi-8046-set-4-1\/#breadcrumb\"},\"inLanguage\":\"en-US\",\"potentialAction\":[{\"@type\":\"ReadAction\",\"target\":[\"https:\/\/gravelight.eu\/en\/trgovina\/plutajuce-svijece-maxi-8046-set-4-1\/\"]}]},{\"@type\":\"ImageObject\",\"inLanguage\":\"en-US\",\"@id\":\"https:\/\/gravelight.eu\/en\/trgovina\/plutajuce-svijece-maxi-8046-set-4-1\/#primaryimage\",\"url\":\"https:\/\/gravelight.eu\/wp-content\/uploads\/12380.A01-1.jpg\",\"contentUrl\":\"https:\/\/gravelight.eu\/wp-content\/uploads\/12380.A01-1.jpg\",\"width\":591,\"height\":422},{\"@type\":\"BreadcrumbList\",\"@id\":\"https:\/\/gravelight.eu\/en\/trgovina\/plutajuce-svijece-maxi-8046-set-4-1\/#breadcrumb\",\"itemListElement\":[{\"@type\":\"ListItem\",\"position\":1,\"name\":\"Home\",\"item\":\"https:\/\/gravelight.eu\/en\/\"},{\"@type\":\"ListItem\",\"position\":2,\"name\":\"Trgovina\",\"item\":\"https:\/\/gravelight.eu\/en\/trgovina-webshop\/\"},{\"@type\":\"ListItem\",\"position\":3,\"name\":\"PLUTAJU\u0106E SVIJE\u0106E MAXI 8046 SET 4\/1\"}]},{\"@type\":\"WebSite\",\"@id\":\"https:\/\/gravelight.eu\/#website\",\"url\":\"https:\/\/gravelight.eu\/\",\"name\":\"NET d.o.o.\",\"description\":\"The light and warmth of your home!\",\"publisher\":{\"@id\":\"https:\/\/gravelight.eu\/#organization\"},\"potentialAction\":[{\"@type\":\"SearchAction\",\"target\":{\"@type\":\"EntryPoint\",\"urlTemplate\":\"https:\/\/gravelight.eu\/?s={search_term_string}\"},\"query-input\":{\"@type\":\"PropertyValueSpecification\",\"valueRequired\":true,\"valueName\":\"search_term_string\"}}],\"inLanguage\":\"en-US\"},{\"@type\":\"Organization\",\"@id\":\"https:\/\/gravelight.eu\/#organization\",\"name\":\"NET d.o.o.\",\"url\":\"https:\/\/gravelight.eu\/\",\"logo\":{\"@type\":\"ImageObject\",\"inLanguage\":\"en-US\",\"@id\":\"https:\/\/gravelight.eu\/#\/schema\/logo\/image\/\",\"url\":\"https:\/\/gravelight.eu\/wp-content\/uploads\/cropped-net-ico.png\",\"contentUrl\":\"https:\/\/gravelight.eu\/wp-content\/uploads\/cropped-net-ico.png\",\"width\":512,\"height\":512,\"caption\":\"NET d.o.o.\"},\"image\":{\"@id\":\"https:\/\/gravelight.eu\/#\/schema\/logo\/image\/\"}}]}<\/script>\n<!-- \/ Yoast SEO plugin. -->","yoast_head_json":{"title":"PLUTAJU\u0106E SVIJE\u0106E MAXI 8046 SET 4\/1 - NET d.o.o.","description":"Plutaju\u0107e svije\u0107e Maxi 8046 set od 4 komada u dvije boje, krem i bijela, kao dekoracija za va\u0161 dom, restorane i evente. Svije\u0107e lijepo gore.","robots":{"index":"index","follow":"follow","max-snippet":"max-snippet:-1","max-image-preview":"max-image-preview:large","max-video-preview":"max-video-preview:-1"},"canonical":"https:\/\/gravelight.eu\/en\/trgovina\/plutajuce-svijece-maxi-8046-set-4-1\/","og_locale":"en_US","og_type":"article","og_title":"PLUTAJU\u0106E SVIJE\u0106E MAXI 8046 SET 4\/1 - NET d.o.o.","og_description":"Plutaju\u0107e svije\u0107e Maxi 8046 set od 4 komada u dvije boje, krem i bijela, kao dekoracija za va\u0161 dom, restorane i evente. Svije\u0107e lijepo gore.","og_url":"https:\/\/gravelight.eu\/en\/trgovina\/plutajuce-svijece-maxi-8046-set-4-1\/","og_site_name":"NET d.o.o.","article_modified_time":"2026-03-11T13:14:02+00:00","og_image":[{"width":591,"height":422,"url":"https:\/\/gravelight.eu\/wp-content\/uploads\/12380.A01-1.jpg","type":"image\/jpeg"}],"twitter_card":"summary_large_image","schema":{"@context":"https:\/\/schema.org","@graph":[{"@type":"WebPage","@id":"https:\/\/gravelight.eu\/en\/trgovina\/plutajuce-svijece-maxi-8046-set-4-1\/","url":"https:\/\/gravelight.eu\/en\/trgovina\/plutajuce-svijece-maxi-8046-set-4-1\/","name":"PLUTAJU\u0106E SVIJE\u0106E MAXI 8046 SET 4\/1 - NET d.o.o.","isPartOf":{"@id":"https:\/\/gravelight.eu\/#website"},"primaryImageOfPage":{"@id":"https:\/\/gravelight.eu\/en\/trgovina\/plutajuce-svijece-maxi-8046-set-4-1\/#primaryimage"},"image":{"@id":"https:\/\/gravelight.eu\/en\/trgovina\/plutajuce-svijece-maxi-8046-set-4-1\/#primaryimage"},"thumbnailUrl":"https:\/\/gravelight.eu\/wp-content\/uploads\/12380.A01-1.jpg","datePublished":"2024-03-05T13:00:20+00:00","dateModified":"2026-03-11T13:14:02+00:00","description":"Plutaju\u0107e svije\u0107e Maxi 8046 set od 4 komada u dvije boje, krem i bijela, kao dekoracija za va\u0161 dom, restorane i evente. Svije\u0107e lijepo gore.","breadcrumb":{"@id":"https:\/\/gravelight.eu\/en\/trgovina\/plutajuce-svijece-maxi-8046-set-4-1\/#breadcrumb"},"inLanguage":"en-US","potentialAction":[{"@type":"ReadAction","target":["https:\/\/gravelight.eu\/en\/trgovina\/plutajuce-svijece-maxi-8046-set-4-1\/"]}]},{"@type":"ImageObject","inLanguage":"en-US","@id":"https:\/\/gravelight.eu\/en\/trgovina\/plutajuce-svijece-maxi-8046-set-4-1\/#primaryimage","url":"https:\/\/gravelight.eu\/wp-content\/uploads\/12380.A01-1.jpg","contentUrl":"https:\/\/gravelight.eu\/wp-content\/uploads\/12380.A01-1.jpg","width":591,"height":422},{"@type":"BreadcrumbList","@id":"https:\/\/gravelight.eu\/en\/trgovina\/plutajuce-svijece-maxi-8046-set-4-1\/#breadcrumb","itemListElement":[{"@type":"ListItem","position":1,"name":"Home","item":"https:\/\/gravelight.eu\/en\/"},{"@type":"ListItem","position":2,"name":"Trgovina","item":"https:\/\/gravelight.eu\/en\/trgovina-webshop\/"},{"@type":"ListItem","position":3,"name":"PLUTAJU\u0106E SVIJE\u0106E MAXI 8046 SET 4\/1"}]},{"@type":"WebSite","@id":"https:\/\/gravelight.eu\/#website","url":"https:\/\/gravelight.eu\/","name":"NET d.o.o.","description":"The light and warmth of your home!","publisher":{"@id":"https:\/\/gravelight.eu\/#organization"},"potentialAction":[{"@type":"SearchAction","target":{"@type":"EntryPoint","urlTemplate":"https:\/\/gravelight.eu\/?s={search_term_string}"},"query-input":{"@type":"PropertyValueSpecification","valueRequired":true,"valueName":"search_term_string"}}],"inLanguage":"en-US"},{"@type":"Organization","@id":"https:\/\/gravelight.eu\/#organization","name":"NET d.o.o.","url":"https:\/\/gravelight.eu\/","logo":{"@type":"ImageObject","inLanguage":"en-US","@id":"https:\/\/gravelight.eu\/#\/schema\/logo\/image\/","url":"https:\/\/gravelight.eu\/wp-content\/uploads\/cropped-net-ico.png","contentUrl":"https:\/\/gravelight.eu\/wp-content\/uploads\/cropped-net-ico.png","width":512,"height":512,"caption":"NET d.o.o."},"image":{"@id":"https:\/\/gravelight.eu\/#\/schema\/logo\/image\/"}}]}},"_links":{"self":[{"href":"https:\/\/gravelight.eu\/en\/wp-json\/wp\/v2\/product\/65253","targetHints":{"allow":["GET"]}}],"collection":[{"href":"https:\/\/gravelight.eu\/en\/wp-json\/wp\/v2\/product"}],"about":[{"href":"https:\/\/gravelight.eu\/en\/wp-json\/wp\/v2\/types\/product"}],"replies":[{"embeddable":true,"href":"https:\/\/gravelight.eu\/en\/wp-json\/wp\/v2\/comments?post=65253"}],"wp:featuredmedia":[{"embeddable":true,"href":"https:\/\/gravelight.eu\/en\/wp-json\/wp\/v2\/media\/65582"}],"wp:attachment":[{"href":"https:\/\/gravelight.eu\/en\/wp-json\/wp\/v2\/media?parent=65253"}],"wp:term":[{"taxonomy":"product_brand","embeddable":true,"href":"https:\/\/gravelight.eu\/en\/wp-json\/wp\/v2\/product_brand?post=65253"},{"taxonomy":"product_cat","embeddable":true,"href":"https:\/\/gravelight.eu\/en\/wp-json\/wp\/v2\/product_cat?post=65253"},{"taxonomy":"product_tag","embeddable":true,"href":"https:\/\/gravelight.eu\/en\/wp-json\/wp\/v2\/product_tag?post=65253"}],"curies":[{"name":"wp","href":"https:\/\/api.w.org\/{rel}","templated":true}]}}