{"id":61592,"date":"2023-01-20T11:58:16","date_gmt":"2023-01-20T10:58:16","guid":{"rendered":"https:\/\/gravelight.eu\/?post_type=product&#038;p=61592"},"modified":"2026-03-11T14:00:57","modified_gmt":"2026-03-11T13:00:57","slug":"mirisna-svijeca-dell-bozur-pink-st-poklp","status":"publish","type":"product","link":"https:\/\/gravelight.eu\/en\/trgovina\/mirisna-svijeca-dell-bozur-pink-st-poklp\/","title":{"rendered":"MIRISNA SVIJE\u0106A DELL BO\u017dUR PINK ST.POKLP"},"content":{"rendered":"","protected":false},"excerpt":{"rendered":"","protected":false},"featured_media":61616,"comment_status":"closed","ping_status":"closed","template":"","meta":{"_acf_changed":false},"product_brand":[],"product_cat":[5140],"product_tag":[43161,43258,43456,43457,53947,53948,43158,43159,43160],"class_list":{"0":"post-61592","1":"product","2":"type-product","3":"status-publish","4":"has-post-thumbnail","6":"product_cat-uncategorized","7":"product_tag-miris-en","8":"product_tag-svijeca-en","9":"product_tag-dell-en","10":"product_tag-tbl4-1-en","11":"product_tag-10302-en","12":"product_tag-5906927046150-en","13":"product_tag-staklenke-en","14":"product_tag-poklopac-en","15":"product_tag-stakleni-en","17":"first","18":"instock","19":"taxable","20":"shipping-taxable","21":"purchasable","22":"product-type-simple"},"acf":[],"yoast_head":"<!-- This site is optimized with the Yoast SEO plugin v27.1.1 - https:\/\/yoast.com\/product\/yoast-seo-wordpress\/ -->\n<title>MIRISNA SVIJE\u0106A DELL BO\u017dUR PINK ST.POKLP - NET d.o.o.<\/title>\n<meta name=\"description\" content=\"Mirisna svije\u0107a Bo\u017eur u staklenci sa poklopcem koji \u010duva miris. Miris proljetnog cvijeta Bo\u017eura \u0161iri se prostorijom do 28 sati.\" \/>\n<meta name=\"robots\" content=\"index, follow, max-snippet:-1, max-image-preview:large, max-video-preview:-1\" \/>\n<link rel=\"canonical\" href=\"https:\/\/gravelight.eu\/en\/trgovina\/mirisna-svijeca-dell-bozur-pink-st-poklp\/\" \/>\n<meta property=\"og:locale\" content=\"en_US\" \/>\n<meta property=\"og:type\" content=\"article\" \/>\n<meta property=\"og:title\" content=\"MIRISNA SVIJE\u0106A DELL BO\u017dUR PINK ST.POKLP - NET d.o.o.\" \/>\n<meta property=\"og:description\" content=\"Mirisna svije\u0107a Bo\u017eur u staklenci sa poklopcem koji \u010duva miris. Miris proljetnog cvijeta Bo\u017eura \u0161iri se prostorijom do 28 sati.\" \/>\n<meta property=\"og:url\" content=\"https:\/\/gravelight.eu\/en\/trgovina\/mirisna-svijeca-dell-bozur-pink-st-poklp\/\" \/>\n<meta property=\"og:site_name\" content=\"NET d.o.o.\" \/>\n<meta property=\"article:modified_time\" content=\"2026-03-11T13:00:57+00:00\" \/>\n<meta property=\"og:image\" content=\"https:\/\/gravelight.eu\/wp-content\/uploads\/10302.A16.016.jpg\" \/>\n\t<meta property=\"og:image:width\" content=\"322\" \/>\n\t<meta property=\"og:image:height\" content=\"500\" \/>\n\t<meta property=\"og:image:type\" content=\"image\/jpeg\" \/>\n<meta name=\"twitter:card\" content=\"summary_large_image\" \/>\n<script type=\"application\/ld+json\" class=\"yoast-schema-graph\">{\"@context\":\"https:\/\/schema.org\",\"@graph\":[{\"@type\":\"WebPage\",\"@id\":\"https:\/\/gravelight.eu\/en\/trgovina\/mirisna-svijeca-dell-bozur-pink-st-poklp\/\",\"url\":\"https:\/\/gravelight.eu\/en\/trgovina\/mirisna-svijeca-dell-bozur-pink-st-poklp\/\",\"name\":\"MIRISNA SVIJE\u0106A DELL BO\u017dUR PINK ST.POKLP - NET d.o.o.\",\"isPartOf\":{\"@id\":\"https:\/\/gravelight.eu\/#website\"},\"primaryImageOfPage\":{\"@id\":\"https:\/\/gravelight.eu\/en\/trgovina\/mirisna-svijeca-dell-bozur-pink-st-poklp\/#primaryimage\"},\"image\":{\"@id\":\"https:\/\/gravelight.eu\/en\/trgovina\/mirisna-svijeca-dell-bozur-pink-st-poklp\/#primaryimage\"},\"thumbnailUrl\":\"https:\/\/gravelight.eu\/wp-content\/uploads\/10302.A16.016.jpg\",\"datePublished\":\"2023-01-20T10:58:16+00:00\",\"dateModified\":\"2026-03-11T13:00:57+00:00\",\"description\":\"Mirisna svije\u0107a Bo\u017eur u staklenci sa poklopcem koji \u010duva miris. Miris proljetnog cvijeta Bo\u017eura \u0161iri se prostorijom do 28 sati.\",\"breadcrumb\":{\"@id\":\"https:\/\/gravelight.eu\/en\/trgovina\/mirisna-svijeca-dell-bozur-pink-st-poklp\/#breadcrumb\"},\"inLanguage\":\"en-US\",\"potentialAction\":[{\"@type\":\"ReadAction\",\"target\":[\"https:\/\/gravelight.eu\/en\/trgovina\/mirisna-svijeca-dell-bozur-pink-st-poklp\/\"]}]},{\"@type\":\"ImageObject\",\"inLanguage\":\"en-US\",\"@id\":\"https:\/\/gravelight.eu\/en\/trgovina\/mirisna-svijeca-dell-bozur-pink-st-poklp\/#primaryimage\",\"url\":\"https:\/\/gravelight.eu\/wp-content\/uploads\/10302.A16.016.jpg\",\"contentUrl\":\"https:\/\/gravelight.eu\/wp-content\/uploads\/10302.A16.016.jpg\",\"width\":322,\"height\":500,\"caption\":\"Mirisna svije\u0107a Bo\u017eur\"},{\"@type\":\"BreadcrumbList\",\"@id\":\"https:\/\/gravelight.eu\/en\/trgovina\/mirisna-svijeca-dell-bozur-pink-st-poklp\/#breadcrumb\",\"itemListElement\":[{\"@type\":\"ListItem\",\"position\":1,\"name\":\"Home\",\"item\":\"https:\/\/gravelight.eu\/en\/\"},{\"@type\":\"ListItem\",\"position\":2,\"name\":\"Trgovina\",\"item\":\"https:\/\/gravelight.eu\/en\/trgovina-webshop\/\"},{\"@type\":\"ListItem\",\"position\":3,\"name\":\"MIRISNA SVIJE\u0106A DELL BO\u017dUR PINK ST.POKLP\"}]},{\"@type\":\"WebSite\",\"@id\":\"https:\/\/gravelight.eu\/#website\",\"url\":\"https:\/\/gravelight.eu\/\",\"name\":\"NET d.o.o.\",\"description\":\"The light and warmth of your home!\",\"publisher\":{\"@id\":\"https:\/\/gravelight.eu\/#organization\"},\"potentialAction\":[{\"@type\":\"SearchAction\",\"target\":{\"@type\":\"EntryPoint\",\"urlTemplate\":\"https:\/\/gravelight.eu\/?s={search_term_string}\"},\"query-input\":{\"@type\":\"PropertyValueSpecification\",\"valueRequired\":true,\"valueName\":\"search_term_string\"}}],\"inLanguage\":\"en-US\"},{\"@type\":\"Organization\",\"@id\":\"https:\/\/gravelight.eu\/#organization\",\"name\":\"NET d.o.o.\",\"url\":\"https:\/\/gravelight.eu\/\",\"logo\":{\"@type\":\"ImageObject\",\"inLanguage\":\"en-US\",\"@id\":\"https:\/\/gravelight.eu\/#\/schema\/logo\/image\/\",\"url\":\"https:\/\/gravelight.eu\/wp-content\/uploads\/cropped-net-ico.png\",\"contentUrl\":\"https:\/\/gravelight.eu\/wp-content\/uploads\/cropped-net-ico.png\",\"width\":512,\"height\":512,\"caption\":\"NET d.o.o.\"},\"image\":{\"@id\":\"https:\/\/gravelight.eu\/#\/schema\/logo\/image\/\"}}]}<\/script>\n<!-- \/ Yoast SEO plugin. -->","yoast_head_json":{"title":"MIRISNA SVIJE\u0106A DELL BO\u017dUR PINK ST.POKLP - NET d.o.o.","description":"Mirisna svije\u0107a Bo\u017eur u staklenci sa poklopcem koji \u010duva miris. Miris proljetnog cvijeta Bo\u017eura \u0161iri se prostorijom do 28 sati.","robots":{"index":"index","follow":"follow","max-snippet":"max-snippet:-1","max-image-preview":"max-image-preview:large","max-video-preview":"max-video-preview:-1"},"canonical":"https:\/\/gravelight.eu\/en\/trgovina\/mirisna-svijeca-dell-bozur-pink-st-poklp\/","og_locale":"en_US","og_type":"article","og_title":"MIRISNA SVIJE\u0106A DELL BO\u017dUR PINK ST.POKLP - NET d.o.o.","og_description":"Mirisna svije\u0107a Bo\u017eur u staklenci sa poklopcem koji \u010duva miris. Miris proljetnog cvijeta Bo\u017eura \u0161iri se prostorijom do 28 sati.","og_url":"https:\/\/gravelight.eu\/en\/trgovina\/mirisna-svijeca-dell-bozur-pink-st-poklp\/","og_site_name":"NET d.o.o.","article_modified_time":"2026-03-11T13:00:57+00:00","og_image":[{"width":322,"height":500,"url":"https:\/\/gravelight.eu\/wp-content\/uploads\/10302.A16.016.jpg","type":"image\/jpeg"}],"twitter_card":"summary_large_image","schema":{"@context":"https:\/\/schema.org","@graph":[{"@type":"WebPage","@id":"https:\/\/gravelight.eu\/en\/trgovina\/mirisna-svijeca-dell-bozur-pink-st-poklp\/","url":"https:\/\/gravelight.eu\/en\/trgovina\/mirisna-svijeca-dell-bozur-pink-st-poklp\/","name":"MIRISNA SVIJE\u0106A DELL BO\u017dUR PINK ST.POKLP - NET d.o.o.","isPartOf":{"@id":"https:\/\/gravelight.eu\/#website"},"primaryImageOfPage":{"@id":"https:\/\/gravelight.eu\/en\/trgovina\/mirisna-svijeca-dell-bozur-pink-st-poklp\/#primaryimage"},"image":{"@id":"https:\/\/gravelight.eu\/en\/trgovina\/mirisna-svijeca-dell-bozur-pink-st-poklp\/#primaryimage"},"thumbnailUrl":"https:\/\/gravelight.eu\/wp-content\/uploads\/10302.A16.016.jpg","datePublished":"2023-01-20T10:58:16+00:00","dateModified":"2026-03-11T13:00:57+00:00","description":"Mirisna svije\u0107a Bo\u017eur u staklenci sa poklopcem koji \u010duva miris. Miris proljetnog cvijeta Bo\u017eura \u0161iri se prostorijom do 28 sati.","breadcrumb":{"@id":"https:\/\/gravelight.eu\/en\/trgovina\/mirisna-svijeca-dell-bozur-pink-st-poklp\/#breadcrumb"},"inLanguage":"en-US","potentialAction":[{"@type":"ReadAction","target":["https:\/\/gravelight.eu\/en\/trgovina\/mirisna-svijeca-dell-bozur-pink-st-poklp\/"]}]},{"@type":"ImageObject","inLanguage":"en-US","@id":"https:\/\/gravelight.eu\/en\/trgovina\/mirisna-svijeca-dell-bozur-pink-st-poklp\/#primaryimage","url":"https:\/\/gravelight.eu\/wp-content\/uploads\/10302.A16.016.jpg","contentUrl":"https:\/\/gravelight.eu\/wp-content\/uploads\/10302.A16.016.jpg","width":322,"height":500,"caption":"Mirisna svije\u0107a Bo\u017eur"},{"@type":"BreadcrumbList","@id":"https:\/\/gravelight.eu\/en\/trgovina\/mirisna-svijeca-dell-bozur-pink-st-poklp\/#breadcrumb","itemListElement":[{"@type":"ListItem","position":1,"name":"Home","item":"https:\/\/gravelight.eu\/en\/"},{"@type":"ListItem","position":2,"name":"Trgovina","item":"https:\/\/gravelight.eu\/en\/trgovina-webshop\/"},{"@type":"ListItem","position":3,"name":"MIRISNA SVIJE\u0106A DELL BO\u017dUR PINK ST.POKLP"}]},{"@type":"WebSite","@id":"https:\/\/gravelight.eu\/#website","url":"https:\/\/gravelight.eu\/","name":"NET d.o.o.","description":"The light and warmth of your home!","publisher":{"@id":"https:\/\/gravelight.eu\/#organization"},"potentialAction":[{"@type":"SearchAction","target":{"@type":"EntryPoint","urlTemplate":"https:\/\/gravelight.eu\/?s={search_term_string}"},"query-input":{"@type":"PropertyValueSpecification","valueRequired":true,"valueName":"search_term_string"}}],"inLanguage":"en-US"},{"@type":"Organization","@id":"https:\/\/gravelight.eu\/#organization","name":"NET d.o.o.","url":"https:\/\/gravelight.eu\/","logo":{"@type":"ImageObject","inLanguage":"en-US","@id":"https:\/\/gravelight.eu\/#\/schema\/logo\/image\/","url":"https:\/\/gravelight.eu\/wp-content\/uploads\/cropped-net-ico.png","contentUrl":"https:\/\/gravelight.eu\/wp-content\/uploads\/cropped-net-ico.png","width":512,"height":512,"caption":"NET d.o.o."},"image":{"@id":"https:\/\/gravelight.eu\/#\/schema\/logo\/image\/"}}]}},"_links":{"self":[{"href":"https:\/\/gravelight.eu\/en\/wp-json\/wp\/v2\/product\/61592","targetHints":{"allow":["GET"]}}],"collection":[{"href":"https:\/\/gravelight.eu\/en\/wp-json\/wp\/v2\/product"}],"about":[{"href":"https:\/\/gravelight.eu\/en\/wp-json\/wp\/v2\/types\/product"}],"replies":[{"embeddable":true,"href":"https:\/\/gravelight.eu\/en\/wp-json\/wp\/v2\/comments?post=61592"}],"wp:featuredmedia":[{"embeddable":true,"href":"https:\/\/gravelight.eu\/en\/wp-json\/wp\/v2\/media\/61616"}],"wp:attachment":[{"href":"https:\/\/gravelight.eu\/en\/wp-json\/wp\/v2\/media?parent=61592"}],"wp:term":[{"taxonomy":"product_brand","embeddable":true,"href":"https:\/\/gravelight.eu\/en\/wp-json\/wp\/v2\/product_brand?post=61592"},{"taxonomy":"product_cat","embeddable":true,"href":"https:\/\/gravelight.eu\/en\/wp-json\/wp\/v2\/product_cat?post=61592"},{"taxonomy":"product_tag","embeddable":true,"href":"https:\/\/gravelight.eu\/en\/wp-json\/wp\/v2\/product_tag?post=61592"}],"curies":[{"name":"wp","href":"https:\/\/api.w.org\/{rel}","templated":true}]}}