{"id":69366,"date":"2025-09-02T15:00:21","date_gmt":"2025-09-02T13:00:21","guid":{"rendered":"https:\/\/gravelight.eu\/?post_type=product&#038;p=69366"},"modified":"2026-03-18T14:31:27","modified_gmt":"2026-03-18T13:31:27","slug":"solarni-vestina1000d-flora-nadgrobi-lam","status":"publish","type":"product","link":"https:\/\/gravelight.eu\/de\/trgovina\/solarni-vestina1000d-flora-nadgrobi-lam\/","title":{"rendered":"SOLARNI VESTINA1000D FLORA NADGROBI LAM."},"content":{"rendered":"","protected":false},"excerpt":{"rendered":"","protected":false},"featured_media":69393,"comment_status":"closed","ping_status":"closed","template":"","meta":{"_acf_changed":false},"product_brand":[],"product_cat":[5139],"product_tag":[54451,55703,43154,44270,45105,51588,51589,51631,54450],"class_list":{"0":"post-69366","1":"product","2":"type-product","3":"status-publish","4":"has-post-thumbnail","6":"product_cat-uncategorized-de","7":"product_tag-vestina-de","8":"product_tag-12767-de","9":"product_tag-stakleni-de","10":"product_tag-lampioni-de","11":"product_tag-pax-de","12":"product_tag-solarni-de","13":"product_tag-solemio-de","14":"product_tag-3831105903425-de","15":"product_tag-solarni-lampioni-de","17":"first","18":"instock","19":"taxable","20":"shipping-taxable","21":"purchasable","22":"product-type-variable"},"acf":[],"yoast_head":"<!-- This site is optimized with the Yoast SEO plugin v27.1.1 - https:\/\/yoast.com\/product\/yoast-seo-wordpress\/ -->\n<title>SOLARNI VESTINA1000D FLORA NADGROBI LAM. - NET d.o.o.<\/title>\n<meta name=\"description\" content=\"Solarni Vestina 1000D flora stakleni nadgrobni lampion sa ornamentnom povr\u0161inom mno\u0161tva sitnih cvjeti\u0107a. Svjetli do 1000 dana.\" \/>\n<meta name=\"robots\" content=\"index, follow, max-snippet:-1, max-image-preview:large, max-video-preview:-1\" \/>\n<link rel=\"canonical\" href=\"https:\/\/gravelight.eu\/de\/trgovina\/solarni-vestina1000d-flora-nadgrobi-lam\/\" \/>\n<meta property=\"og:locale\" content=\"de_DE\" \/>\n<meta property=\"og:type\" content=\"article\" \/>\n<meta property=\"og:title\" content=\"SOLARNI VESTINA1000D FLORA NADGROBI LAM. - NET d.o.o.\" \/>\n<meta property=\"og:description\" content=\"Solarni Vestina 1000D flora stakleni nadgrobni lampion sa ornamentnom povr\u0161inom mno\u0161tva sitnih cvjeti\u0107a. Svjetli do 1000 dana.\" \/>\n<meta property=\"og:url\" content=\"https:\/\/gravelight.eu\/de\/trgovina\/solarni-vestina1000d-flora-nadgrobi-lam\/\" \/>\n<meta property=\"og:site_name\" content=\"NET d.o.o.\" \/>\n<meta property=\"article:modified_time\" content=\"2026-03-18T13:31:27+00:00\" \/>\n<meta property=\"og:image\" content=\"https:\/\/gravelight.eu\/wp-content\/uploads\/12767.001.jpg\" \/>\n\t<meta property=\"og:image:width\" content=\"2082\" \/>\n\t<meta property=\"og:image:height\" content=\"1748\" \/>\n\t<meta property=\"og:image:type\" content=\"image\/jpeg\" \/>\n<meta name=\"twitter:card\" content=\"summary_large_image\" \/>\n<script type=\"application\/ld+json\" class=\"yoast-schema-graph\">{\"@context\":\"https:\/\/schema.org\",\"@graph\":[{\"@type\":\"WebPage\",\"@id\":\"https:\/\/gravelight.eu\/de\/trgovina\/solarni-vestina1000d-flora-nadgrobi-lam\/\",\"url\":\"https:\/\/gravelight.eu\/de\/trgovina\/solarni-vestina1000d-flora-nadgrobi-lam\/\",\"name\":\"SOLARNI VESTINA1000D FLORA NADGROBI LAM. - NET d.o.o.\",\"isPartOf\":{\"@id\":\"https:\/\/gravelight.eu\/#website\"},\"primaryImageOfPage\":{\"@id\":\"https:\/\/gravelight.eu\/de\/trgovina\/solarni-vestina1000d-flora-nadgrobi-lam\/#primaryimage\"},\"image\":{\"@id\":\"https:\/\/gravelight.eu\/de\/trgovina\/solarni-vestina1000d-flora-nadgrobi-lam\/#primaryimage\"},\"thumbnailUrl\":\"https:\/\/gravelight.eu\/wp-content\/uploads\/12767.001.jpg\",\"datePublished\":\"2025-09-02T13:00:21+00:00\",\"dateModified\":\"2026-03-18T13:31:27+00:00\",\"description\":\"Solarni Vestina 1000D flora stakleni nadgrobni lampion sa ornamentnom povr\u0161inom mno\u0161tva sitnih cvjeti\u0107a. Svjetli do 1000 dana.\",\"breadcrumb\":{\"@id\":\"https:\/\/gravelight.eu\/de\/trgovina\/solarni-vestina1000d-flora-nadgrobi-lam\/#breadcrumb\"},\"inLanguage\":\"de\",\"potentialAction\":[{\"@type\":\"ReadAction\",\"target\":[\"https:\/\/gravelight.eu\/de\/trgovina\/solarni-vestina1000d-flora-nadgrobi-lam\/\"]}]},{\"@type\":\"ImageObject\",\"inLanguage\":\"de\",\"@id\":\"https:\/\/gravelight.eu\/de\/trgovina\/solarni-vestina1000d-flora-nadgrobi-lam\/#primaryimage\",\"url\":\"https:\/\/gravelight.eu\/wp-content\/uploads\/12767.001.jpg\",\"contentUrl\":\"https:\/\/gravelight.eu\/wp-content\/uploads\/12767.001.jpg\",\"width\":2082,\"height\":1748,\"caption\":\"Solarni lampion\"},{\"@type\":\"BreadcrumbList\",\"@id\":\"https:\/\/gravelight.eu\/de\/trgovina\/solarni-vestina1000d-flora-nadgrobi-lam\/#breadcrumb\",\"itemListElement\":[{\"@type\":\"ListItem\",\"position\":1,\"name\":\"Home\",\"item\":\"https:\/\/gravelight.eu\/de\/\"},{\"@type\":\"ListItem\",\"position\":2,\"name\":\"Trgovina\",\"item\":\"https:\/\/gravelight.eu\/de\/trgovina-webshop\/\"},{\"@type\":\"ListItem\",\"position\":3,\"name\":\"SOLARNI VESTINA1000D FLORA NADGROBI LAM.\"}]},{\"@type\":\"WebSite\",\"@id\":\"https:\/\/gravelight.eu\/#website\",\"url\":\"https:\/\/gravelight.eu\/\",\"name\":\"NET d.o.o.\",\"description\":\"Das Licht und die W\u00e4rme Ihres Hauses!\",\"publisher\":{\"@id\":\"https:\/\/gravelight.eu\/#organization\"},\"potentialAction\":[{\"@type\":\"SearchAction\",\"target\":{\"@type\":\"EntryPoint\",\"urlTemplate\":\"https:\/\/gravelight.eu\/?s={search_term_string}\"},\"query-input\":{\"@type\":\"PropertyValueSpecification\",\"valueRequired\":true,\"valueName\":\"search_term_string\"}}],\"inLanguage\":\"de\"},{\"@type\":\"Organization\",\"@id\":\"https:\/\/gravelight.eu\/#organization\",\"name\":\"NET d.o.o.\",\"url\":\"https:\/\/gravelight.eu\/\",\"logo\":{\"@type\":\"ImageObject\",\"inLanguage\":\"de\",\"@id\":\"https:\/\/gravelight.eu\/#\/schema\/logo\/image\/\",\"url\":\"https:\/\/gravelight.eu\/wp-content\/uploads\/cropped-net-ico.png\",\"contentUrl\":\"https:\/\/gravelight.eu\/wp-content\/uploads\/cropped-net-ico.png\",\"width\":512,\"height\":512,\"caption\":\"NET d.o.o.\"},\"image\":{\"@id\":\"https:\/\/gravelight.eu\/#\/schema\/logo\/image\/\"}}]}<\/script>\n<!-- \/ Yoast SEO plugin. -->","yoast_head_json":{"title":"SOLARNI VESTINA1000D FLORA NADGROBI LAM. - NET d.o.o.","description":"Solarni Vestina 1000D flora stakleni nadgrobni lampion sa ornamentnom povr\u0161inom mno\u0161tva sitnih cvjeti\u0107a. Svjetli do 1000 dana.","robots":{"index":"index","follow":"follow","max-snippet":"max-snippet:-1","max-image-preview":"max-image-preview:large","max-video-preview":"max-video-preview:-1"},"canonical":"https:\/\/gravelight.eu\/de\/trgovina\/solarni-vestina1000d-flora-nadgrobi-lam\/","og_locale":"de_DE","og_type":"article","og_title":"SOLARNI VESTINA1000D FLORA NADGROBI LAM. - NET d.o.o.","og_description":"Solarni Vestina 1000D flora stakleni nadgrobni lampion sa ornamentnom povr\u0161inom mno\u0161tva sitnih cvjeti\u0107a. Svjetli do 1000 dana.","og_url":"https:\/\/gravelight.eu\/de\/trgovina\/solarni-vestina1000d-flora-nadgrobi-lam\/","og_site_name":"NET d.o.o.","article_modified_time":"2026-03-18T13:31:27+00:00","og_image":[{"width":2082,"height":1748,"url":"https:\/\/gravelight.eu\/wp-content\/uploads\/12767.001.jpg","type":"image\/jpeg"}],"twitter_card":"summary_large_image","schema":{"@context":"https:\/\/schema.org","@graph":[{"@type":"WebPage","@id":"https:\/\/gravelight.eu\/de\/trgovina\/solarni-vestina1000d-flora-nadgrobi-lam\/","url":"https:\/\/gravelight.eu\/de\/trgovina\/solarni-vestina1000d-flora-nadgrobi-lam\/","name":"SOLARNI VESTINA1000D FLORA NADGROBI LAM. - NET d.o.o.","isPartOf":{"@id":"https:\/\/gravelight.eu\/#website"},"primaryImageOfPage":{"@id":"https:\/\/gravelight.eu\/de\/trgovina\/solarni-vestina1000d-flora-nadgrobi-lam\/#primaryimage"},"image":{"@id":"https:\/\/gravelight.eu\/de\/trgovina\/solarni-vestina1000d-flora-nadgrobi-lam\/#primaryimage"},"thumbnailUrl":"https:\/\/gravelight.eu\/wp-content\/uploads\/12767.001.jpg","datePublished":"2025-09-02T13:00:21+00:00","dateModified":"2026-03-18T13:31:27+00:00","description":"Solarni Vestina 1000D flora stakleni nadgrobni lampion sa ornamentnom povr\u0161inom mno\u0161tva sitnih cvjeti\u0107a. Svjetli do 1000 dana.","breadcrumb":{"@id":"https:\/\/gravelight.eu\/de\/trgovina\/solarni-vestina1000d-flora-nadgrobi-lam\/#breadcrumb"},"inLanguage":"de","potentialAction":[{"@type":"ReadAction","target":["https:\/\/gravelight.eu\/de\/trgovina\/solarni-vestina1000d-flora-nadgrobi-lam\/"]}]},{"@type":"ImageObject","inLanguage":"de","@id":"https:\/\/gravelight.eu\/de\/trgovina\/solarni-vestina1000d-flora-nadgrobi-lam\/#primaryimage","url":"https:\/\/gravelight.eu\/wp-content\/uploads\/12767.001.jpg","contentUrl":"https:\/\/gravelight.eu\/wp-content\/uploads\/12767.001.jpg","width":2082,"height":1748,"caption":"Solarni lampion"},{"@type":"BreadcrumbList","@id":"https:\/\/gravelight.eu\/de\/trgovina\/solarni-vestina1000d-flora-nadgrobi-lam\/#breadcrumb","itemListElement":[{"@type":"ListItem","position":1,"name":"Home","item":"https:\/\/gravelight.eu\/de\/"},{"@type":"ListItem","position":2,"name":"Trgovina","item":"https:\/\/gravelight.eu\/de\/trgovina-webshop\/"},{"@type":"ListItem","position":3,"name":"SOLARNI VESTINA1000D FLORA NADGROBI LAM."}]},{"@type":"WebSite","@id":"https:\/\/gravelight.eu\/#website","url":"https:\/\/gravelight.eu\/","name":"NET d.o.o.","description":"Das Licht und die W\u00e4rme Ihres Hauses!","publisher":{"@id":"https:\/\/gravelight.eu\/#organization"},"potentialAction":[{"@type":"SearchAction","target":{"@type":"EntryPoint","urlTemplate":"https:\/\/gravelight.eu\/?s={search_term_string}"},"query-input":{"@type":"PropertyValueSpecification","valueRequired":true,"valueName":"search_term_string"}}],"inLanguage":"de"},{"@type":"Organization","@id":"https:\/\/gravelight.eu\/#organization","name":"NET d.o.o.","url":"https:\/\/gravelight.eu\/","logo":{"@type":"ImageObject","inLanguage":"de","@id":"https:\/\/gravelight.eu\/#\/schema\/logo\/image\/","url":"https:\/\/gravelight.eu\/wp-content\/uploads\/cropped-net-ico.png","contentUrl":"https:\/\/gravelight.eu\/wp-content\/uploads\/cropped-net-ico.png","width":512,"height":512,"caption":"NET d.o.o."},"image":{"@id":"https:\/\/gravelight.eu\/#\/schema\/logo\/image\/"}}]}},"_links":{"self":[{"href":"https:\/\/gravelight.eu\/de\/wp-json\/wp\/v2\/product\/69366","targetHints":{"allow":["GET"]}}],"collection":[{"href":"https:\/\/gravelight.eu\/de\/wp-json\/wp\/v2\/product"}],"about":[{"href":"https:\/\/gravelight.eu\/de\/wp-json\/wp\/v2\/types\/product"}],"replies":[{"embeddable":true,"href":"https:\/\/gravelight.eu\/de\/wp-json\/wp\/v2\/comments?post=69366"}],"wp:featuredmedia":[{"embeddable":true,"href":"https:\/\/gravelight.eu\/de\/wp-json\/wp\/v2\/media\/69393"}],"wp:attachment":[{"href":"https:\/\/gravelight.eu\/de\/wp-json\/wp\/v2\/media?parent=69366"}],"wp:term":[{"taxonomy":"product_brand","embeddable":true,"href":"https:\/\/gravelight.eu\/de\/wp-json\/wp\/v2\/product_brand?post=69366"},{"taxonomy":"product_cat","embeddable":true,"href":"https:\/\/gravelight.eu\/de\/wp-json\/wp\/v2\/product_cat?post=69366"},{"taxonomy":"product_tag","embeddable":true,"href":"https:\/\/gravelight.eu\/de\/wp-json\/wp\/v2\/product_tag?post=69366"}],"curies":[{"name":"wp","href":"https:\/\/api.w.org\/{rel}","templated":true}]}}