{"id":68218,"date":"2025-03-24T15:58:17","date_gmt":"2025-03-24T14:58:17","guid":{"rendered":"https:\/\/gravelight.eu\/?post_type=product&#038;p=68218"},"modified":"2026-03-11T14:15:46","modified_gmt":"2026-03-11T13:15:46","slug":"mirisna-svijeca-dell-spa-garden-staklenk","status":"publish","type":"product","link":"https:\/\/gravelight.eu\/de\/trgovina\/mirisna-svijeca-dell-spa-garden-staklenk\/","title":{"rendered":"MIRISNA SVIJE\u0106A DELL SPA GARDEN STAKLENK"},"content":{"rendered":"","protected":false},"excerpt":{"rendered":"","protected":false},"featured_media":68245,"comment_status":"closed","ping_status":"closed","template":"","meta":{"_acf_changed":false},"product_brand":[],"product_cat":[5139],"product_tag":[43227,43228,43229,43255,43271,43272,43273,43274,43454,43455,55560,55561,43152,43153,43154,43155],"class_list":{"0":"post-68218","1":"product","2":"type-product","3":"status-publish","4":"has-post-thumbnail","6":"product_cat-uncategorized-de","7":"product_tag-staklene-de","8":"product_tag-dezen-de","9":"product_tag-color-de","10":"product_tag-svijeca-de","11":"product_tag-dezi-de","12":"product_tag-tbl1-1-de","13":"product_tag-mirisna-de","14":"product_tag-folia-de","15":"product_tag-dell-de","16":"product_tag-tbl4-1-de","17":"product_tag-12659-de","18":"product_tag-5906927043814-de","19":"product_tag-staklenke-de","20":"product_tag-poklopac-de","21":"product_tag-stakleni-de","22":"product_tag-miris-de","24":"first","25":"instock","26":"taxable","27":"shipping-taxable","28":"purchasable","29":"product-type-simple"},"acf":[],"yoast_head":"<!-- This site is optimized with the Yoast SEO plugin v27.1.1 - https:\/\/yoast.com\/product\/yoast-seo-wordpress\/ -->\n<title>MIRISNA SVIJE\u0106A DELL SPA GARDEN STAKLENK - NET d.o.o.<\/title>\n<meta name=\"description\" content=\"Mirisna svije\u0107a dell spa garden sa poklopcem za \u010duvanje mirisa i svje\u017eine. Svije\u0107a gori do 28 sati.\" \/>\n<meta name=\"robots\" content=\"index, follow, max-snippet:-1, max-image-preview:large, max-video-preview:-1\" \/>\n<link rel=\"canonical\" href=\"https:\/\/gravelight.eu\/de\/trgovina\/mirisna-svijeca-dell-spa-garden-staklenk\/\" \/>\n<meta property=\"og:locale\" content=\"de_DE\" \/>\n<meta property=\"og:type\" content=\"article\" \/>\n<meta property=\"og:title\" content=\"MIRISNA SVIJE\u0106A DELL SPA GARDEN STAKLENK - NET d.o.o.\" \/>\n<meta property=\"og:description\" content=\"Mirisna svije\u0107a dell spa garden sa poklopcem za \u010duvanje mirisa i svje\u017eine. Svije\u0107a gori do 28 sati.\" \/>\n<meta property=\"og:url\" content=\"https:\/\/gravelight.eu\/de\/trgovina\/mirisna-svijeca-dell-spa-garden-staklenk\/\" \/>\n<meta property=\"og:site_name\" content=\"NET d.o.o.\" \/>\n<meta property=\"article:modified_time\" content=\"2026-03-11T13:15:46+00:00\" \/>\n<meta property=\"og:image\" content=\"https:\/\/gravelight.eu\/wp-content\/uploads\/12659.A27.030-1.jpg\" \/>\n\t<meta property=\"og:image:width\" content=\"433\" \/>\n\t<meta property=\"og:image:height\" content=\"620\" \/>\n\t<meta property=\"og:image:type\" content=\"image\/jpeg\" \/>\n<meta name=\"twitter:card\" content=\"summary_large_image\" \/>\n<script type=\"application\/ld+json\" class=\"yoast-schema-graph\">{\"@context\":\"https:\/\/schema.org\",\"@graph\":[{\"@type\":\"WebPage\",\"@id\":\"https:\/\/gravelight.eu\/de\/trgovina\/mirisna-svijeca-dell-spa-garden-staklenk\/\",\"url\":\"https:\/\/gravelight.eu\/de\/trgovina\/mirisna-svijeca-dell-spa-garden-staklenk\/\",\"name\":\"MIRISNA SVIJE\u0106A DELL SPA GARDEN STAKLENK - NET d.o.o.\",\"isPartOf\":{\"@id\":\"https:\/\/gravelight.eu\/#website\"},\"primaryImageOfPage\":{\"@id\":\"https:\/\/gravelight.eu\/de\/trgovina\/mirisna-svijeca-dell-spa-garden-staklenk\/#primaryimage\"},\"image\":{\"@id\":\"https:\/\/gravelight.eu\/de\/trgovina\/mirisna-svijeca-dell-spa-garden-staklenk\/#primaryimage\"},\"thumbnailUrl\":\"https:\/\/gravelight.eu\/wp-content\/uploads\/12659.A27.030-1.jpg\",\"datePublished\":\"2025-03-24T14:58:17+00:00\",\"dateModified\":\"2026-03-11T13:15:46+00:00\",\"description\":\"Mirisna svije\u0107a dell spa garden sa poklopcem za \u010duvanje mirisa i svje\u017eine. Svije\u0107a gori do 28 sati.\",\"breadcrumb\":{\"@id\":\"https:\/\/gravelight.eu\/de\/trgovina\/mirisna-svijeca-dell-spa-garden-staklenk\/#breadcrumb\"},\"inLanguage\":\"de\",\"potentialAction\":[{\"@type\":\"ReadAction\",\"target\":[\"https:\/\/gravelight.eu\/de\/trgovina\/mirisna-svijeca-dell-spa-garden-staklenk\/\"]}]},{\"@type\":\"ImageObject\",\"inLanguage\":\"de\",\"@id\":\"https:\/\/gravelight.eu\/de\/trgovina\/mirisna-svijeca-dell-spa-garden-staklenk\/#primaryimage\",\"url\":\"https:\/\/gravelight.eu\/wp-content\/uploads\/12659.A27.030-1.jpg\",\"contentUrl\":\"https:\/\/gravelight.eu\/wp-content\/uploads\/12659.A27.030-1.jpg\",\"width\":433,\"height\":620,\"caption\":\"Mirisna svije\u0107a Spa\"},{\"@type\":\"BreadcrumbList\",\"@id\":\"https:\/\/gravelight.eu\/de\/trgovina\/mirisna-svijeca-dell-spa-garden-staklenk\/#breadcrumb\",\"itemListElement\":[{\"@type\":\"ListItem\",\"position\":1,\"name\":\"Home\",\"item\":\"https:\/\/gravelight.eu\/de\/\"},{\"@type\":\"ListItem\",\"position\":2,\"name\":\"Trgovina\",\"item\":\"https:\/\/gravelight.eu\/de\/trgovina-webshop\/\"},{\"@type\":\"ListItem\",\"position\":3,\"name\":\"MIRISNA SVIJE\u0106A DELL SPA GARDEN STAKLENK\"}]},{\"@type\":\"WebSite\",\"@id\":\"https:\/\/gravelight.eu\/#website\",\"url\":\"https:\/\/gravelight.eu\/\",\"name\":\"NET d.o.o.\",\"description\":\"Das Licht und die W\u00e4rme Ihres Hauses!\",\"publisher\":{\"@id\":\"https:\/\/gravelight.eu\/#organization\"},\"potentialAction\":[{\"@type\":\"SearchAction\",\"target\":{\"@type\":\"EntryPoint\",\"urlTemplate\":\"https:\/\/gravelight.eu\/?s={search_term_string}\"},\"query-input\":{\"@type\":\"PropertyValueSpecification\",\"valueRequired\":true,\"valueName\":\"search_term_string\"}}],\"inLanguage\":\"de\"},{\"@type\":\"Organization\",\"@id\":\"https:\/\/gravelight.eu\/#organization\",\"name\":\"NET d.o.o.\",\"url\":\"https:\/\/gravelight.eu\/\",\"logo\":{\"@type\":\"ImageObject\",\"inLanguage\":\"de\",\"@id\":\"https:\/\/gravelight.eu\/#\/schema\/logo\/image\/\",\"url\":\"https:\/\/gravelight.eu\/wp-content\/uploads\/cropped-net-ico.png\",\"contentUrl\":\"https:\/\/gravelight.eu\/wp-content\/uploads\/cropped-net-ico.png\",\"width\":512,\"height\":512,\"caption\":\"NET d.o.o.\"},\"image\":{\"@id\":\"https:\/\/gravelight.eu\/#\/schema\/logo\/image\/\"}}]}<\/script>\n<!-- \/ Yoast SEO plugin. -->","yoast_head_json":{"title":"MIRISNA SVIJE\u0106A DELL SPA GARDEN STAKLENK - NET d.o.o.","description":"Mirisna svije\u0107a dell spa garden sa poklopcem za \u010duvanje mirisa i svje\u017eine. Svije\u0107a gori do 28 sati.","robots":{"index":"index","follow":"follow","max-snippet":"max-snippet:-1","max-image-preview":"max-image-preview:large","max-video-preview":"max-video-preview:-1"},"canonical":"https:\/\/gravelight.eu\/de\/trgovina\/mirisna-svijeca-dell-spa-garden-staklenk\/","og_locale":"de_DE","og_type":"article","og_title":"MIRISNA SVIJE\u0106A DELL SPA GARDEN STAKLENK - NET d.o.o.","og_description":"Mirisna svije\u0107a dell spa garden sa poklopcem za \u010duvanje mirisa i svje\u017eine. Svije\u0107a gori do 28 sati.","og_url":"https:\/\/gravelight.eu\/de\/trgovina\/mirisna-svijeca-dell-spa-garden-staklenk\/","og_site_name":"NET d.o.o.","article_modified_time":"2026-03-11T13:15:46+00:00","og_image":[{"width":433,"height":620,"url":"https:\/\/gravelight.eu\/wp-content\/uploads\/12659.A27.030-1.jpg","type":"image\/jpeg"}],"twitter_card":"summary_large_image","schema":{"@context":"https:\/\/schema.org","@graph":[{"@type":"WebPage","@id":"https:\/\/gravelight.eu\/de\/trgovina\/mirisna-svijeca-dell-spa-garden-staklenk\/","url":"https:\/\/gravelight.eu\/de\/trgovina\/mirisna-svijeca-dell-spa-garden-staklenk\/","name":"MIRISNA SVIJE\u0106A DELL SPA GARDEN STAKLENK - NET d.o.o.","isPartOf":{"@id":"https:\/\/gravelight.eu\/#website"},"primaryImageOfPage":{"@id":"https:\/\/gravelight.eu\/de\/trgovina\/mirisna-svijeca-dell-spa-garden-staklenk\/#primaryimage"},"image":{"@id":"https:\/\/gravelight.eu\/de\/trgovina\/mirisna-svijeca-dell-spa-garden-staklenk\/#primaryimage"},"thumbnailUrl":"https:\/\/gravelight.eu\/wp-content\/uploads\/12659.A27.030-1.jpg","datePublished":"2025-03-24T14:58:17+00:00","dateModified":"2026-03-11T13:15:46+00:00","description":"Mirisna svije\u0107a dell spa garden sa poklopcem za \u010duvanje mirisa i svje\u017eine. Svije\u0107a gori do 28 sati.","breadcrumb":{"@id":"https:\/\/gravelight.eu\/de\/trgovina\/mirisna-svijeca-dell-spa-garden-staklenk\/#breadcrumb"},"inLanguage":"de","potentialAction":[{"@type":"ReadAction","target":["https:\/\/gravelight.eu\/de\/trgovina\/mirisna-svijeca-dell-spa-garden-staklenk\/"]}]},{"@type":"ImageObject","inLanguage":"de","@id":"https:\/\/gravelight.eu\/de\/trgovina\/mirisna-svijeca-dell-spa-garden-staklenk\/#primaryimage","url":"https:\/\/gravelight.eu\/wp-content\/uploads\/12659.A27.030-1.jpg","contentUrl":"https:\/\/gravelight.eu\/wp-content\/uploads\/12659.A27.030-1.jpg","width":433,"height":620,"caption":"Mirisna svije\u0107a Spa"},{"@type":"BreadcrumbList","@id":"https:\/\/gravelight.eu\/de\/trgovina\/mirisna-svijeca-dell-spa-garden-staklenk\/#breadcrumb","itemListElement":[{"@type":"ListItem","position":1,"name":"Home","item":"https:\/\/gravelight.eu\/de\/"},{"@type":"ListItem","position":2,"name":"Trgovina","item":"https:\/\/gravelight.eu\/de\/trgovina-webshop\/"},{"@type":"ListItem","position":3,"name":"MIRISNA SVIJE\u0106A DELL SPA GARDEN STAKLENK"}]},{"@type":"WebSite","@id":"https:\/\/gravelight.eu\/#website","url":"https:\/\/gravelight.eu\/","name":"NET d.o.o.","description":"Das Licht und die W\u00e4rme Ihres Hauses!","publisher":{"@id":"https:\/\/gravelight.eu\/#organization"},"potentialAction":[{"@type":"SearchAction","target":{"@type":"EntryPoint","urlTemplate":"https:\/\/gravelight.eu\/?s={search_term_string}"},"query-input":{"@type":"PropertyValueSpecification","valueRequired":true,"valueName":"search_term_string"}}],"inLanguage":"de"},{"@type":"Organization","@id":"https:\/\/gravelight.eu\/#organization","name":"NET d.o.o.","url":"https:\/\/gravelight.eu\/","logo":{"@type":"ImageObject","inLanguage":"de","@id":"https:\/\/gravelight.eu\/#\/schema\/logo\/image\/","url":"https:\/\/gravelight.eu\/wp-content\/uploads\/cropped-net-ico.png","contentUrl":"https:\/\/gravelight.eu\/wp-content\/uploads\/cropped-net-ico.png","width":512,"height":512,"caption":"NET d.o.o."},"image":{"@id":"https:\/\/gravelight.eu\/#\/schema\/logo\/image\/"}}]}},"_links":{"self":[{"href":"https:\/\/gravelight.eu\/de\/wp-json\/wp\/v2\/product\/68218","targetHints":{"allow":["GET"]}}],"collection":[{"href":"https:\/\/gravelight.eu\/de\/wp-json\/wp\/v2\/product"}],"about":[{"href":"https:\/\/gravelight.eu\/de\/wp-json\/wp\/v2\/types\/product"}],"replies":[{"embeddable":true,"href":"https:\/\/gravelight.eu\/de\/wp-json\/wp\/v2\/comments?post=68218"}],"wp:featuredmedia":[{"embeddable":true,"href":"https:\/\/gravelight.eu\/de\/wp-json\/wp\/v2\/media\/68245"}],"wp:attachment":[{"href":"https:\/\/gravelight.eu\/de\/wp-json\/wp\/v2\/media?parent=68218"}],"wp:term":[{"taxonomy":"product_brand","embeddable":true,"href":"https:\/\/gravelight.eu\/de\/wp-json\/wp\/v2\/product_brand?post=68218"},{"taxonomy":"product_cat","embeddable":true,"href":"https:\/\/gravelight.eu\/de\/wp-json\/wp\/v2\/product_cat?post=68218"},{"taxonomy":"product_tag","embeddable":true,"href":"https:\/\/gravelight.eu\/de\/wp-json\/wp\/v2\/product_tag?post=68218"}],"curies":[{"name":"wp","href":"https:\/\/api.w.org\/{rel}","templated":true}]}}