{"id":53861,"date":"2021-01-25T13:40:42","date_gmt":"2021-01-25T12:40:42","guid":{"rendered":"https:\/\/gravelight.eu\/?post_type=product&#038;p=53861"},"modified":"2026-04-01T15:28:01","modified_gmt":"2026-04-01T13:28:01","slug":"mirisna-svijeca-rpzip-opium-staklenka","status":"publish","type":"product","link":"https:\/\/gravelight.eu\/de\/trgovina\/mirisna-svijeca-rpzip-opium-staklenka\/","title":{"rendered":"MIRISNA SVIJE\u0106A RPZIP OPIUM STAKLENKA"},"content":{"rendered":"","protected":false},"excerpt":{"rendered":"","protected":false},"featured_media":71093,"comment_status":"closed","ping_status":"closed","template":"","meta":{"_acf_changed":false},"product_brand":[],"product_cat":[1515],"product_tag":[44597,44598,43155,43255,43423,43424,43425,43426],"class_list":{"0":"post-53861","1":"product","2":"type-product","3":"status-publish","4":"has-post-thumbnail","6":"product_cat-duftkerzen-im-glas-de","7":"product_tag-44053-de","8":"product_tag-3858888027209-de","9":"product_tag-miris-de","10":"product_tag-svijeca-de","11":"product_tag-rpzip-de","12":"product_tag-transparent-de","13":"product_tag-tbl5-1-de","14":"product_tag-rebrasti-de","16":"first","17":"instock","18":"taxable","19":"shipping-taxable","20":"purchasable","21":"product-type-simple"},"acf":[],"yoast_head":"<!-- This site is optimized with the Yoast SEO plugin v27.1.1 - https:\/\/yoast.com\/product\/yoast-seo-wordpress\/ -->\n<title>MIRISNA SVIJE\u0106A RPZIP OPIUM STAKLENKA - NET d.o.o.<\/title>\n<meta name=\"description\" content=\"Mirisna svije\u0107a u \u010da\u0161ici. Miris opium. Vrijeme gorenja do 28 sati.\" \/>\n<meta name=\"robots\" content=\"index, follow, max-snippet:-1, max-image-preview:large, max-video-preview:-1\" \/>\n<link rel=\"canonical\" href=\"https:\/\/gravelight.eu\/de\/trgovina\/mirisna-svijeca-rpzip-opium-staklenka\/\" \/>\n<meta property=\"og:locale\" content=\"de_DE\" \/>\n<meta property=\"og:type\" content=\"article\" \/>\n<meta property=\"og:title\" content=\"MIRISNA SVIJE\u0106A RPZIP OPIUM STAKLENKA - NET d.o.o.\" \/>\n<meta property=\"og:description\" content=\"Mirisna svije\u0107a u \u010da\u0161ici. Miris opium. Vrijeme gorenja do 28 sati.\" \/>\n<meta property=\"og:url\" content=\"https:\/\/gravelight.eu\/de\/trgovina\/mirisna-svijeca-rpzip-opium-staklenka\/\" \/>\n<meta property=\"og:site_name\" content=\"NET d.o.o.\" \/>\n<meta property=\"article:modified_time\" content=\"2026-04-01T13:28:01+00:00\" \/>\n<meta property=\"og:image\" content=\"https:\/\/gravelight.eu\/wp-content\/uploads\/44053.A27.024-2.jpg\" \/>\n\t<meta property=\"og:image:width\" content=\"1056\" \/>\n\t<meta property=\"og:image:height\" content=\"1325\" \/>\n\t<meta property=\"og:image:type\" content=\"image\/jpeg\" \/>\n<meta name=\"twitter:card\" content=\"summary_large_image\" \/>\n<script type=\"application\/ld+json\" class=\"yoast-schema-graph\">{\"@context\":\"https:\/\/schema.org\",\"@graph\":[{\"@type\":\"WebPage\",\"@id\":\"https:\/\/gravelight.eu\/de\/trgovina\/mirisna-svijeca-rpzip-opium-staklenka\/\",\"url\":\"https:\/\/gravelight.eu\/de\/trgovina\/mirisna-svijeca-rpzip-opium-staklenka\/\",\"name\":\"MIRISNA SVIJE\u0106A RPZIP OPIUM STAKLENKA - NET d.o.o.\",\"isPartOf\":{\"@id\":\"https:\/\/gravelight.eu\/#website\"},\"primaryImageOfPage\":{\"@id\":\"https:\/\/gravelight.eu\/de\/trgovina\/mirisna-svijeca-rpzip-opium-staklenka\/#primaryimage\"},\"image\":{\"@id\":\"https:\/\/gravelight.eu\/de\/trgovina\/mirisna-svijeca-rpzip-opium-staklenka\/#primaryimage\"},\"thumbnailUrl\":\"https:\/\/gravelight.eu\/wp-content\/uploads\/44053.A27.024-2.jpg\",\"datePublished\":\"2021-01-25T12:40:42+00:00\",\"dateModified\":\"2026-04-01T13:28:01+00:00\",\"description\":\"Mirisna svije\u0107a u \u010da\u0161ici. Miris opium. Vrijeme gorenja do 28 sati.\",\"breadcrumb\":{\"@id\":\"https:\/\/gravelight.eu\/de\/trgovina\/mirisna-svijeca-rpzip-opium-staklenka\/#breadcrumb\"},\"inLanguage\":\"de\",\"potentialAction\":[{\"@type\":\"ReadAction\",\"target\":[\"https:\/\/gravelight.eu\/de\/trgovina\/mirisna-svijeca-rpzip-opium-staklenka\/\"]}]},{\"@type\":\"ImageObject\",\"inLanguage\":\"de\",\"@id\":\"https:\/\/gravelight.eu\/de\/trgovina\/mirisna-svijeca-rpzip-opium-staklenka\/#primaryimage\",\"url\":\"https:\/\/gravelight.eu\/wp-content\/uploads\/44053.A27.024-2.jpg\",\"contentUrl\":\"https:\/\/gravelight.eu\/wp-content\/uploads\/44053.A27.024-2.jpg\",\"width\":1056,\"height\":1325,\"caption\":\"Mirisna svije\u0107a Opijum\"},{\"@type\":\"BreadcrumbList\",\"@id\":\"https:\/\/gravelight.eu\/de\/trgovina\/mirisna-svijeca-rpzip-opium-staklenka\/#breadcrumb\",\"itemListElement\":[{\"@type\":\"ListItem\",\"position\":1,\"name\":\"Home\",\"item\":\"https:\/\/gravelight.eu\/de\/\"},{\"@type\":\"ListItem\",\"position\":2,\"name\":\"Trgovina\",\"item\":\"https:\/\/gravelight.eu\/de\/trgovina-webshop\/\"},{\"@type\":\"ListItem\",\"position\":3,\"name\":\"MIRISNA SVIJE\u0106A RPZIP OPIUM STAKLENKA\"}]},{\"@type\":\"WebSite\",\"@id\":\"https:\/\/gravelight.eu\/#website\",\"url\":\"https:\/\/gravelight.eu\/\",\"name\":\"NET d.o.o.\",\"description\":\"Das Licht und die W\u00e4rme Ihres Hauses!\",\"publisher\":{\"@id\":\"https:\/\/gravelight.eu\/#organization\"},\"potentialAction\":[{\"@type\":\"SearchAction\",\"target\":{\"@type\":\"EntryPoint\",\"urlTemplate\":\"https:\/\/gravelight.eu\/?s={search_term_string}\"},\"query-input\":{\"@type\":\"PropertyValueSpecification\",\"valueRequired\":true,\"valueName\":\"search_term_string\"}}],\"inLanguage\":\"de\"},{\"@type\":\"Organization\",\"@id\":\"https:\/\/gravelight.eu\/#organization\",\"name\":\"NET d.o.o.\",\"url\":\"https:\/\/gravelight.eu\/\",\"logo\":{\"@type\":\"ImageObject\",\"inLanguage\":\"de\",\"@id\":\"https:\/\/gravelight.eu\/#\/schema\/logo\/image\/\",\"url\":\"https:\/\/gravelight.eu\/wp-content\/uploads\/cropped-net-ico.png\",\"contentUrl\":\"https:\/\/gravelight.eu\/wp-content\/uploads\/cropped-net-ico.png\",\"width\":512,\"height\":512,\"caption\":\"NET d.o.o.\"},\"image\":{\"@id\":\"https:\/\/gravelight.eu\/#\/schema\/logo\/image\/\"}}]}<\/script>\n<!-- \/ Yoast SEO plugin. -->","yoast_head_json":{"title":"MIRISNA SVIJE\u0106A RPZIP OPIUM STAKLENKA - NET d.o.o.","description":"Mirisna svije\u0107a u \u010da\u0161ici. Miris opium. Vrijeme gorenja do 28 sati.","robots":{"index":"index","follow":"follow","max-snippet":"max-snippet:-1","max-image-preview":"max-image-preview:large","max-video-preview":"max-video-preview:-1"},"canonical":"https:\/\/gravelight.eu\/de\/trgovina\/mirisna-svijeca-rpzip-opium-staklenka\/","og_locale":"de_DE","og_type":"article","og_title":"MIRISNA SVIJE\u0106A RPZIP OPIUM STAKLENKA - NET d.o.o.","og_description":"Mirisna svije\u0107a u \u010da\u0161ici. Miris opium. Vrijeme gorenja do 28 sati.","og_url":"https:\/\/gravelight.eu\/de\/trgovina\/mirisna-svijeca-rpzip-opium-staklenka\/","og_site_name":"NET d.o.o.","article_modified_time":"2026-04-01T13:28:01+00:00","og_image":[{"width":1056,"height":1325,"url":"https:\/\/gravelight.eu\/wp-content\/uploads\/44053.A27.024-2.jpg","type":"image\/jpeg"}],"twitter_card":"summary_large_image","schema":{"@context":"https:\/\/schema.org","@graph":[{"@type":"WebPage","@id":"https:\/\/gravelight.eu\/de\/trgovina\/mirisna-svijeca-rpzip-opium-staklenka\/","url":"https:\/\/gravelight.eu\/de\/trgovina\/mirisna-svijeca-rpzip-opium-staklenka\/","name":"MIRISNA SVIJE\u0106A RPZIP OPIUM STAKLENKA - NET d.o.o.","isPartOf":{"@id":"https:\/\/gravelight.eu\/#website"},"primaryImageOfPage":{"@id":"https:\/\/gravelight.eu\/de\/trgovina\/mirisna-svijeca-rpzip-opium-staklenka\/#primaryimage"},"image":{"@id":"https:\/\/gravelight.eu\/de\/trgovina\/mirisna-svijeca-rpzip-opium-staklenka\/#primaryimage"},"thumbnailUrl":"https:\/\/gravelight.eu\/wp-content\/uploads\/44053.A27.024-2.jpg","datePublished":"2021-01-25T12:40:42+00:00","dateModified":"2026-04-01T13:28:01+00:00","description":"Mirisna svije\u0107a u \u010da\u0161ici. Miris opium. Vrijeme gorenja do 28 sati.","breadcrumb":{"@id":"https:\/\/gravelight.eu\/de\/trgovina\/mirisna-svijeca-rpzip-opium-staklenka\/#breadcrumb"},"inLanguage":"de","potentialAction":[{"@type":"ReadAction","target":["https:\/\/gravelight.eu\/de\/trgovina\/mirisna-svijeca-rpzip-opium-staklenka\/"]}]},{"@type":"ImageObject","inLanguage":"de","@id":"https:\/\/gravelight.eu\/de\/trgovina\/mirisna-svijeca-rpzip-opium-staklenka\/#primaryimage","url":"https:\/\/gravelight.eu\/wp-content\/uploads\/44053.A27.024-2.jpg","contentUrl":"https:\/\/gravelight.eu\/wp-content\/uploads\/44053.A27.024-2.jpg","width":1056,"height":1325,"caption":"Mirisna svije\u0107a Opijum"},{"@type":"BreadcrumbList","@id":"https:\/\/gravelight.eu\/de\/trgovina\/mirisna-svijeca-rpzip-opium-staklenka\/#breadcrumb","itemListElement":[{"@type":"ListItem","position":1,"name":"Home","item":"https:\/\/gravelight.eu\/de\/"},{"@type":"ListItem","position":2,"name":"Trgovina","item":"https:\/\/gravelight.eu\/de\/trgovina-webshop\/"},{"@type":"ListItem","position":3,"name":"MIRISNA SVIJE\u0106A RPZIP OPIUM STAKLENKA"}]},{"@type":"WebSite","@id":"https:\/\/gravelight.eu\/#website","url":"https:\/\/gravelight.eu\/","name":"NET d.o.o.","description":"Das Licht und die W\u00e4rme Ihres Hauses!","publisher":{"@id":"https:\/\/gravelight.eu\/#organization"},"potentialAction":[{"@type":"SearchAction","target":{"@type":"EntryPoint","urlTemplate":"https:\/\/gravelight.eu\/?s={search_term_string}"},"query-input":{"@type":"PropertyValueSpecification","valueRequired":true,"valueName":"search_term_string"}}],"inLanguage":"de"},{"@type":"Organization","@id":"https:\/\/gravelight.eu\/#organization","name":"NET d.o.o.","url":"https:\/\/gravelight.eu\/","logo":{"@type":"ImageObject","inLanguage":"de","@id":"https:\/\/gravelight.eu\/#\/schema\/logo\/image\/","url":"https:\/\/gravelight.eu\/wp-content\/uploads\/cropped-net-ico.png","contentUrl":"https:\/\/gravelight.eu\/wp-content\/uploads\/cropped-net-ico.png","width":512,"height":512,"caption":"NET d.o.o."},"image":{"@id":"https:\/\/gravelight.eu\/#\/schema\/logo\/image\/"}}]}},"_links":{"self":[{"href":"https:\/\/gravelight.eu\/de\/wp-json\/wp\/v2\/product\/53861","targetHints":{"allow":["GET"]}}],"collection":[{"href":"https:\/\/gravelight.eu\/de\/wp-json\/wp\/v2\/product"}],"about":[{"href":"https:\/\/gravelight.eu\/de\/wp-json\/wp\/v2\/types\/product"}],"replies":[{"embeddable":true,"href":"https:\/\/gravelight.eu\/de\/wp-json\/wp\/v2\/comments?post=53861"}],"wp:featuredmedia":[{"embeddable":true,"href":"https:\/\/gravelight.eu\/de\/wp-json\/wp\/v2\/media\/71093"}],"wp:attachment":[{"href":"https:\/\/gravelight.eu\/de\/wp-json\/wp\/v2\/media?parent=53861"}],"wp:term":[{"taxonomy":"product_brand","embeddable":true,"href":"https:\/\/gravelight.eu\/de\/wp-json\/wp\/v2\/product_brand?post=53861"},{"taxonomy":"product_cat","embeddable":true,"href":"https:\/\/gravelight.eu\/de\/wp-json\/wp\/v2\/product_cat?post=53861"},{"taxonomy":"product_tag","embeddable":true,"href":"https:\/\/gravelight.eu\/de\/wp-json\/wp\/v2\/product_tag?post=53861"}],"curies":[{"name":"wp","href":"https:\/\/api.w.org\/{rel}","templated":true}]}}