{"id":14607,"date":"2020-03-06T09:51:54","date_gmt":"2020-03-06T08:51:54","guid":{"rendered":"https:\/\/gravelight.eu\/?post_type=product&#038;p=14607"},"modified":"2026-03-11T14:08:01","modified_gmt":"2026-03-11T13:08:01","slug":"luipax-pia-crn-v-215-7do-red-crv-nad-lam","status":"publish","type":"product","link":"https:\/\/gravelight.eu\/de\/trgovina\/luipax-pia-crn-v-215-7do-red-crv-nad-lam\/","title":{"rendered":"LUIPAX PIA CRN V-215-7DO RED-CRV NAD.LAM"},"content":{"rendered":"","protected":false},"excerpt":{"rendered":"","protected":false},"featured_media":51783,"comment_status":"closed","ping_status":"closed","template":"","meta":{"_acf_changed":false},"product_brand":[],"product_cat":[1713],"product_tag":[45129,45409,45849,45850,45851,45852,45951,45952,45953,45954,43228,45955,43964,43965,44271,44609,45105],"class_list":{"0":"post-14607","1":"product","2":"type-product","3":"status-publish","4":"has-post-thumbnail","6":"product_cat-klasicni-lampioni-sa-slikom-de","7":"product_tag-slikom-de","8":"product_tag-metalik-de","9":"product_tag-lui-de","10":"product_tag-premium-de","11":"product_tag-uljni-de","12":"product_tag-dugotrajni-de","13":"product_tag-dekor-de","14":"product_tag-stup-de","15":"product_tag-stupasti-de","16":"product_tag-okrugli-de","17":"product_tag-dezen-de","18":"product_tag-cvijece-de","19":"product_tag-11484-de","20":"product_tag-3858888020484-de","21":"product_tag-lampasi-de","22":"product_tag-lampion-de","23":"product_tag-pax-de","25":"first","26":"instock","27":"taxable","28":"shipping-taxable","29":"purchasable","30":"product-type-simple"},"acf":[],"yoast_head":"<!-- This site is optimized with the Yoast SEO plugin v27.1.1 - https:\/\/yoast.com\/product\/yoast-seo-wordpress\/ -->\n<title>LUIPAX PIA CRN V-215-7DO RED-CRV NAD.LAM - NET d.o.o.<\/title>\n<meta name=\"description\" content=\"Paxlui Pia 215 nadgrobni crveni lampion. Lampion je dugogore\u0107i, gori do 7 dana. Mo\u017eete birati izme\u0111u nekoliko dizajna i utje\u0161nih poruka.\" \/>\n<meta name=\"robots\" content=\"index, follow, max-snippet:-1, max-image-preview:large, max-video-preview:-1\" \/>\n<link rel=\"canonical\" href=\"https:\/\/gravelight.eu\/de\/trgovina\/luipax-pia-crn-v-215-7do-red-crv-nad-lam\/\" \/>\n<meta property=\"og:locale\" content=\"de_DE\" \/>\n<meta property=\"og:type\" content=\"article\" \/>\n<meta property=\"og:title\" content=\"LUIPAX PIA CRN V-215-7DO RED-CRV NAD.LAM - NET d.o.o.\" \/>\n<meta property=\"og:description\" content=\"Paxlui Pia 215 nadgrobni crveni lampion. Lampion je dugogore\u0107i, gori do 7 dana. Mo\u017eete birati izme\u0111u nekoliko dizajna i utje\u0161nih poruka.\" \/>\n<meta property=\"og:url\" content=\"https:\/\/gravelight.eu\/de\/trgovina\/luipax-pia-crn-v-215-7do-red-crv-nad-lam\/\" \/>\n<meta property=\"og:site_name\" content=\"NET d.o.o.\" \/>\n<meta property=\"article:modified_time\" content=\"2026-03-11T13:08:01+00:00\" \/>\n<meta property=\"og:image\" content=\"https:\/\/gravelight.eu\/wp-content\/uploads\/11484.A09.jpg\" \/>\n\t<meta property=\"og:image:width\" content=\"1099\" \/>\n\t<meta property=\"og:image:height\" content=\"837\" \/>\n\t<meta property=\"og:image:type\" content=\"image\/jpeg\" \/>\n<meta name=\"twitter:card\" content=\"summary_large_image\" \/>\n<script type=\"application\/ld+json\" class=\"yoast-schema-graph\">{\"@context\":\"https:\/\/schema.org\",\"@graph\":[{\"@type\":\"WebPage\",\"@id\":\"https:\/\/gravelight.eu\/de\/trgovina\/luipax-pia-crn-v-215-7do-red-crv-nad-lam\/\",\"url\":\"https:\/\/gravelight.eu\/de\/trgovina\/luipax-pia-crn-v-215-7do-red-crv-nad-lam\/\",\"name\":\"LUIPAX PIA CRN V-215-7DO RED-CRV NAD.LAM - NET d.o.o.\",\"isPartOf\":{\"@id\":\"https:\/\/gravelight.eu\/#website\"},\"primaryImageOfPage\":{\"@id\":\"https:\/\/gravelight.eu\/de\/trgovina\/luipax-pia-crn-v-215-7do-red-crv-nad-lam\/#primaryimage\"},\"image\":{\"@id\":\"https:\/\/gravelight.eu\/de\/trgovina\/luipax-pia-crn-v-215-7do-red-crv-nad-lam\/#primaryimage\"},\"thumbnailUrl\":\"https:\/\/gravelight.eu\/wp-content\/uploads\/11484.A09.jpg\",\"datePublished\":\"2020-03-06T08:51:54+00:00\",\"dateModified\":\"2026-03-11T13:08:01+00:00\",\"description\":\"Paxlui Pia 215 nadgrobni crveni lampion. Lampion je dugogore\u0107i, gori do 7 dana. Mo\u017eete birati izme\u0111u nekoliko dizajna i utje\u0161nih poruka.\",\"breadcrumb\":{\"@id\":\"https:\/\/gravelight.eu\/de\/trgovina\/luipax-pia-crn-v-215-7do-red-crv-nad-lam\/#breadcrumb\"},\"inLanguage\":\"de\",\"potentialAction\":[{\"@type\":\"ReadAction\",\"target\":[\"https:\/\/gravelight.eu\/de\/trgovina\/luipax-pia-crn-v-215-7do-red-crv-nad-lam\/\"]}]},{\"@type\":\"ImageObject\",\"inLanguage\":\"de\",\"@id\":\"https:\/\/gravelight.eu\/de\/trgovina\/luipax-pia-crn-v-215-7do-red-crv-nad-lam\/#primaryimage\",\"url\":\"https:\/\/gravelight.eu\/wp-content\/uploads\/11484.A09.jpg\",\"contentUrl\":\"https:\/\/gravelight.eu\/wp-content\/uploads\/11484.A09.jpg\",\"width\":1099,\"height\":837},{\"@type\":\"BreadcrumbList\",\"@id\":\"https:\/\/gravelight.eu\/de\/trgovina\/luipax-pia-crn-v-215-7do-red-crv-nad-lam\/#breadcrumb\",\"itemListElement\":[{\"@type\":\"ListItem\",\"position\":1,\"name\":\"Home\",\"item\":\"https:\/\/gravelight.eu\/de\/\"},{\"@type\":\"ListItem\",\"position\":2,\"name\":\"Trgovina\",\"item\":\"https:\/\/gravelight.eu\/de\/trgovina-webshop\/\"},{\"@type\":\"ListItem\",\"position\":3,\"name\":\"LUIPAX PIA CRN V-215-7DO RED-CRV NAD.LAM\"}]},{\"@type\":\"WebSite\",\"@id\":\"https:\/\/gravelight.eu\/#website\",\"url\":\"https:\/\/gravelight.eu\/\",\"name\":\"NET d.o.o.\",\"description\":\"Das Licht und die W\u00e4rme Ihres Hauses!\",\"publisher\":{\"@id\":\"https:\/\/gravelight.eu\/#organization\"},\"potentialAction\":[{\"@type\":\"SearchAction\",\"target\":{\"@type\":\"EntryPoint\",\"urlTemplate\":\"https:\/\/gravelight.eu\/?s={search_term_string}\"},\"query-input\":{\"@type\":\"PropertyValueSpecification\",\"valueRequired\":true,\"valueName\":\"search_term_string\"}}],\"inLanguage\":\"de\"},{\"@type\":\"Organization\",\"@id\":\"https:\/\/gravelight.eu\/#organization\",\"name\":\"NET d.o.o.\",\"url\":\"https:\/\/gravelight.eu\/\",\"logo\":{\"@type\":\"ImageObject\",\"inLanguage\":\"de\",\"@id\":\"https:\/\/gravelight.eu\/#\/schema\/logo\/image\/\",\"url\":\"https:\/\/gravelight.eu\/wp-content\/uploads\/cropped-net-ico.png\",\"contentUrl\":\"https:\/\/gravelight.eu\/wp-content\/uploads\/cropped-net-ico.png\",\"width\":512,\"height\":512,\"caption\":\"NET d.o.o.\"},\"image\":{\"@id\":\"https:\/\/gravelight.eu\/#\/schema\/logo\/image\/\"}}]}<\/script>\n<!-- \/ Yoast SEO plugin. -->","yoast_head_json":{"title":"LUIPAX PIA CRN V-215-7DO RED-CRV NAD.LAM - NET d.o.o.","description":"Paxlui Pia 215 nadgrobni crveni lampion. Lampion je dugogore\u0107i, gori do 7 dana. Mo\u017eete birati izme\u0111u nekoliko dizajna i utje\u0161nih poruka.","robots":{"index":"index","follow":"follow","max-snippet":"max-snippet:-1","max-image-preview":"max-image-preview:large","max-video-preview":"max-video-preview:-1"},"canonical":"https:\/\/gravelight.eu\/de\/trgovina\/luipax-pia-crn-v-215-7do-red-crv-nad-lam\/","og_locale":"de_DE","og_type":"article","og_title":"LUIPAX PIA CRN V-215-7DO RED-CRV NAD.LAM - NET d.o.o.","og_description":"Paxlui Pia 215 nadgrobni crveni lampion. Lampion je dugogore\u0107i, gori do 7 dana. Mo\u017eete birati izme\u0111u nekoliko dizajna i utje\u0161nih poruka.","og_url":"https:\/\/gravelight.eu\/de\/trgovina\/luipax-pia-crn-v-215-7do-red-crv-nad-lam\/","og_site_name":"NET d.o.o.","article_modified_time":"2026-03-11T13:08:01+00:00","og_image":[{"width":1099,"height":837,"url":"https:\/\/gravelight.eu\/wp-content\/uploads\/11484.A09.jpg","type":"image\/jpeg"}],"twitter_card":"summary_large_image","schema":{"@context":"https:\/\/schema.org","@graph":[{"@type":"WebPage","@id":"https:\/\/gravelight.eu\/de\/trgovina\/luipax-pia-crn-v-215-7do-red-crv-nad-lam\/","url":"https:\/\/gravelight.eu\/de\/trgovina\/luipax-pia-crn-v-215-7do-red-crv-nad-lam\/","name":"LUIPAX PIA CRN V-215-7DO RED-CRV NAD.LAM - NET d.o.o.","isPartOf":{"@id":"https:\/\/gravelight.eu\/#website"},"primaryImageOfPage":{"@id":"https:\/\/gravelight.eu\/de\/trgovina\/luipax-pia-crn-v-215-7do-red-crv-nad-lam\/#primaryimage"},"image":{"@id":"https:\/\/gravelight.eu\/de\/trgovina\/luipax-pia-crn-v-215-7do-red-crv-nad-lam\/#primaryimage"},"thumbnailUrl":"https:\/\/gravelight.eu\/wp-content\/uploads\/11484.A09.jpg","datePublished":"2020-03-06T08:51:54+00:00","dateModified":"2026-03-11T13:08:01+00:00","description":"Paxlui Pia 215 nadgrobni crveni lampion. Lampion je dugogore\u0107i, gori do 7 dana. Mo\u017eete birati izme\u0111u nekoliko dizajna i utje\u0161nih poruka.","breadcrumb":{"@id":"https:\/\/gravelight.eu\/de\/trgovina\/luipax-pia-crn-v-215-7do-red-crv-nad-lam\/#breadcrumb"},"inLanguage":"de","potentialAction":[{"@type":"ReadAction","target":["https:\/\/gravelight.eu\/de\/trgovina\/luipax-pia-crn-v-215-7do-red-crv-nad-lam\/"]}]},{"@type":"ImageObject","inLanguage":"de","@id":"https:\/\/gravelight.eu\/de\/trgovina\/luipax-pia-crn-v-215-7do-red-crv-nad-lam\/#primaryimage","url":"https:\/\/gravelight.eu\/wp-content\/uploads\/11484.A09.jpg","contentUrl":"https:\/\/gravelight.eu\/wp-content\/uploads\/11484.A09.jpg","width":1099,"height":837},{"@type":"BreadcrumbList","@id":"https:\/\/gravelight.eu\/de\/trgovina\/luipax-pia-crn-v-215-7do-red-crv-nad-lam\/#breadcrumb","itemListElement":[{"@type":"ListItem","position":1,"name":"Home","item":"https:\/\/gravelight.eu\/de\/"},{"@type":"ListItem","position":2,"name":"Trgovina","item":"https:\/\/gravelight.eu\/de\/trgovina-webshop\/"},{"@type":"ListItem","position":3,"name":"LUIPAX PIA CRN V-215-7DO RED-CRV NAD.LAM"}]},{"@type":"WebSite","@id":"https:\/\/gravelight.eu\/#website","url":"https:\/\/gravelight.eu\/","name":"NET d.o.o.","description":"Das Licht und die W\u00e4rme Ihres Hauses!","publisher":{"@id":"https:\/\/gravelight.eu\/#organization"},"potentialAction":[{"@type":"SearchAction","target":{"@type":"EntryPoint","urlTemplate":"https:\/\/gravelight.eu\/?s={search_term_string}"},"query-input":{"@type":"PropertyValueSpecification","valueRequired":true,"valueName":"search_term_string"}}],"inLanguage":"de"},{"@type":"Organization","@id":"https:\/\/gravelight.eu\/#organization","name":"NET d.o.o.","url":"https:\/\/gravelight.eu\/","logo":{"@type":"ImageObject","inLanguage":"de","@id":"https:\/\/gravelight.eu\/#\/schema\/logo\/image\/","url":"https:\/\/gravelight.eu\/wp-content\/uploads\/cropped-net-ico.png","contentUrl":"https:\/\/gravelight.eu\/wp-content\/uploads\/cropped-net-ico.png","width":512,"height":512,"caption":"NET d.o.o."},"image":{"@id":"https:\/\/gravelight.eu\/#\/schema\/logo\/image\/"}}]}},"_links":{"self":[{"href":"https:\/\/gravelight.eu\/de\/wp-json\/wp\/v2\/product\/14607","targetHints":{"allow":["GET"]}}],"collection":[{"href":"https:\/\/gravelight.eu\/de\/wp-json\/wp\/v2\/product"}],"about":[{"href":"https:\/\/gravelight.eu\/de\/wp-json\/wp\/v2\/types\/product"}],"replies":[{"embeddable":true,"href":"https:\/\/gravelight.eu\/de\/wp-json\/wp\/v2\/comments?post=14607"}],"wp:featuredmedia":[{"embeddable":true,"href":"https:\/\/gravelight.eu\/de\/wp-json\/wp\/v2\/media\/51783"}],"wp:attachment":[{"href":"https:\/\/gravelight.eu\/de\/wp-json\/wp\/v2\/media?parent=14607"}],"wp:term":[{"taxonomy":"product_brand","embeddable":true,"href":"https:\/\/gravelight.eu\/de\/wp-json\/wp\/v2\/product_brand?post=14607"},{"taxonomy":"product_cat","embeddable":true,"href":"https:\/\/gravelight.eu\/de\/wp-json\/wp\/v2\/product_cat?post=14607"},{"taxonomy":"product_tag","embeddable":true,"href":"https:\/\/gravelight.eu\/de\/wp-json\/wp\/v2\/product_tag?post=14607"}],"curies":[{"name":"wp","href":"https:\/\/api.w.org\/{rel}","templated":true}]}}